{"id":270,"date":"2023-03-13T15:09:43","date_gmt":"2023-03-13T15:09:43","guid":{"rendered":"https:\/\/kamaylogde.com\/?page_id=270"},"modified":"2023-07-07T21:04:36","modified_gmt":"2023-07-07T21:04:36","slug":"doble","status":"publish","type":"page","link":"https:\/\/kamaylogde.com\/index.php\/doble\/","title":{"rendered":"H.FAMILIAR"},"content":{"rendered":"<p>[et_pb_section fb_built=\u00bb1&#8243; admin_label=\u00bbHeader\u00bb _builder_version=\u00bb4.19.5&#8243; _module_preset=\u00bbdefault\u00bb background_color=\u00bb#FFFFFF\u00bb custom_padding=\u00bb14px||0px||false|false\u00bb collapsed=\u00bbon\u00bb global_colors_info=\u00bb{}\u00bb][et_pb_row _builder_version=\u00bb4.19.5&#8243; _module_preset=\u00bbdefault\u00bb global_colors_info=\u00bb{}\u00bb][et_pb_column type=\u00bb4_4&#8243; _builder_version=\u00bb4.17.6&#8243; _module_preset=\u00bbdefault\u00bb global_colors_info=\u00bb{}\u00bb][et_pb_text _builder_version=\u00bb4.19.5&#8243; _module_preset=\u00bbc16985e1-e0d6-4022-964d-e2bfc04fa633&#8243; text_font=\u00bbAdvent Pro||||||||\u00bb header_font=\u00bbAdvent Pro|700|||||||\u00bb header_text_color=\u00bb#81ba26&#8243; header_font_size=\u00bb75px\u00bb header_letter_spacing=\u00bb0.05em\u00bb header_line_height=\u00bb1.2em\u00bb header_font_size_tablet=\u00bb40px\u00bb header_font_size_phone=\u00bb24px\u00bb header_font_size_last_edited=\u00bbon|desktop\u00bb global_colors_info=\u00bb{}\u00bb]<\/p>\n<h1>H.FAMILIAR<\/h1>\n<p>[\/et_pb_text][\/et_pb_column][\/et_pb_row][et_pb_row column_structure=\u00bb1_3,1_3,1_3&#8243; _builder_version=\u00bb4.21.0&#8243; _module_preset=\u00bbdefault\u00bb global_colors_info=\u00bb{}\u00bb][et_pb_column type=\u00bb1_3&#8243; _builder_version=\u00bb4.21.0&#8243; _module_preset=\u00bbdefault\u00bb global_colors_info=\u00bb{}\u00bb][et_pb_image src=\u00bbhttp:\/\/kamaylogde.com\/wp-content\/uploads\/2023\/07\/Diseno-sin-titulo-2023-07-07T114112.144.png\u00bb title_text=\u00bbDise\u00f1o sin t\u00edtulo &#8211; 2023-07-07T114112.144&#8243; _builder_version=\u00bb4.21.0&#8243; _module_preset=\u00bbdefault\u00bb global_colors_info=\u00bb{}\u00bb][\/et_pb_image][\/et_pb_column][et_pb_column type=\u00bb1_3&#8243; _builder_version=\u00bb4.21.0&#8243; _module_preset=\u00bbdefault\u00bb global_colors_info=\u00bb{}\u00bb][et_pb_image src=\u00bbhttp:\/\/kamaylogde.com\/wp-content\/uploads\/2023\/07\/Diseno-sin-titulo-2023-07-07T114127.054.png\u00bb title_text=\u00bbDise\u00f1o sin t\u00edtulo &#8211; 2023-07-07T114127.054&#8243; _builder_version=\u00bb4.21.0&#8243; _module_preset=\u00bbdefault\u00bb global_colors_info=\u00bb{}\u00bb][\/et_pb_image][\/et_pb_column][et_pb_column type=\u00bb1_3&#8243; _builder_version=\u00bb4.21.0&#8243; _module_preset=\u00bbdefault\u00bb global_colors_info=\u00bb{}\u00bb][et_pb_image src=\u00bbhttp:\/\/kamaylogde.com\/wp-content\/uploads\/2023\/07\/Diseno-sin-titulo-2023-07-07T114745.885.png\u00bb title_text=\u00bbDise\u00f1o sin t\u00edtulo &#8211; 2023-07-07T114745.885&#8243; _builder_version=\u00bb4.21.0&#8243; _module_preset=\u00bbdefault\u00bb global_colors_info=\u00bb{}\u00bb][\/et_pb_image][\/et_pb_column][\/et_pb_row][et_pb_row _builder_version=\u00bb4.21.0&#8243; _module_preset=\u00bbdefault\u00bb global_colors_info=\u00bb{}\u00bb][et_pb_column type=\u00bb4_4&#8243; _builder_version=\u00bb4.21.0&#8243; _module_preset=\u00bbdefault\u00bb global_colors_info=\u00bb{}\u00bb][et_pb_image src=\u00bbhttp:\/\/kamaylogde.com\/wp-content\/uploads\/2023\/07\/blue-white-simple-computer-class-google-classroom-header-2.png\u00bb title_text=\u00bbblue white simple computer class google classroom header (2)\u00bb _builder_version=\u00bb4.21.0&#8243; _module_preset=\u00bbdefault\u00bb hover_enabled=\u00bb0&#8243; global_colors_info=\u00bb{}\u00bb disabled_on=\u00bbon|on|off\u00bb sticky_enabled=\u00bb0&#8243;][\/et_pb_image][\/et_pb_column][\/et_pb_row][et_pb_row _builder_version=\u00bb4.21.0&#8243; _module_preset=\u00bbdefault\u00bb][et_pb_column _builder_version=\u00bb4.21.0&#8243; _module_preset=\u00bbdefault\u00bb type=\u00bb4_4&#8243;][et_pb_image src=\u00bbdata:image\/svg+xml;base64,PHN2ZyB3aWR0aD0iMTA4MCIgaGVpZ2h0PSI1NDAiIHZpZXdCb3g9IjAgMCAxMDgwIDU0MCIgeG1sbnM9Imh0dHA6Ly93d3cudzMub3JnLzIwMDAvc3ZnIj4KICAgIDxnIGZpbGw9Im5vbmUiIGZpbGwtcnVsZT0iZXZlbm9kZCI+CiAgICAgICAgPHBhdGggZmlsbD0iI0VCRUJFQiIgZD0iTTAgMGgxMDgwdjU0MEgweiIvPgogICAgICAgIDxwYXRoIGQ9Ik00NDUuNjQ5IDU0MGgtOTguOTk1TDE0NC42NDkgMzM3Ljk5NSAwIDQ4Mi42NDR2LTk4Ljk5NWwxMTYuMzY1LTExNi4zNjVjMTUuNjItMTUuNjIgNDAuOTQ3LTE1LjYyIDU2LjU2OCAwTDQ0NS42NSA1NDB6IiBmaWxsLW9wYWNpdHk9Ii4xIiBmaWxsPSIjMDAwIiBmaWxsLXJ1bGU9Im5vbnplcm8iLz4KICAgICAgICA8Y2lyY2xlIGZpbGwtb3BhY2l0eT0iLjA1IiBmaWxsPSIjMDAwIiBjeD0iMzMxIiBjeT0iMTQ4IiByPSI3MCIvPgogICAgICAgIDxwYXRoIGQ9Ik0xMDgwIDM3OXYxMTMuMTM3TDcyOC4xNjIgMTQwLjMgMzI4LjQ2MiA1NDBIMjE1LjMyNEw2OTkuODc4IDU1LjQ0NmMxNS42Mi0xNS42MiA0MC45NDgtMTUuNjIgNTYuNTY4IDBMMTA4MCAzNzl6IiBmaWxsLW9wYWNpdHk9Ii4yIiBmaWxsPSIjMDAwIiBmaWxsLXJ1bGU9Im5vbnplcm8iLz4KICAgIDwvZz4KPC9zdmc+Cg==\u00bb _builder_version=\u00bb4.21.0&#8243; _module_preset=\u00bbdefault\u00bb hover_enabled=\u00bb0&#8243; sticky_enabled=\u00bb0&#8243;][\/et_pb_image][\/et_pb_column][\/et_pb_row][et_pb_row column_structure=\u00bb3_5,2_5&#8243; _builder_version=\u00bb4.17.6&#8243; _module_preset=\u00bbdefault\u00bb custom_margin=\u00bb||30px||false|false\u00bb global_colors_info=\u00bb{}\u00bb][et_pb_column type=\u00bb3_5&#8243; _builder_version=\u00bb4.17.6&#8243; _module_preset=\u00bbdefault\u00bb global_colors_info=\u00bb{}\u00bb][et_pb_text _builder_version=\u00bb4.21.0&#8243; _module_preset=\u00bbb327cbe4-b1d5-4b66-ad37-40c8f2f061ba\u00bb text_font=\u00bbAdvent Pro||||||||\u00bb header_font=\u00bbAdvent Pro||||||||\u00bb header_2_font=\u00bbManrope|700|||||||\u00bb header_2_text_color=\u00bb#000000&#8243; header_2_font_size=\u00bb48px\u00bb header_2_line_height=\u00bb1.2em\u00bb header_2_font_size_tablet=\u00bb32px\u00bb header_2_font_size_phone=\u00bb20px\u00bb header_2_font_size_last_edited=\u00bbon|desktop\u00bb global_colors_info=\u00bb{}\u00bb]<\/p>\n<h2>2 PERSONAS<\/h2>\n<p>[\/et_pb_text][et_pb_text _builder_version=\u00bb4.19.5&#8243; _module_preset=\u00bb4c43b4b6-66bf-432d-959a-705bda24a650&#8243; text_font=\u00bbAdvent Pro||||||||\u00bb text_text_color=\u00bb#666666&#8243; text_font_size=\u00bb25px\u00bb text_line_height=\u00bb1.8em\u00bb link_text_color=\u00bb#666666&#8243; header_font_size_tablet=\u00bb55px\u00bb header_font_size_last_edited=\u00bboff|desktop\u00bb global_colors_info=\u00bb{}\u00bb]<\/p>\n<p><span>Nuestras habitaciones dobles para hospedaje en la monta\u00f1a ofrecen una experiencia de alojamiento acogedora y c\u00f3moda.\u00a0<\/span><\/p>\n<p>[\/et_pb_text][et_pb_text _builder_version=\u00bb4.19.5&#8243; _module_preset=\u00bb1f09816e-184e-4ce5-a4cf-b39c52c423ca\u00bb text_font=\u00bbAdvent Pro||||||||\u00bb text_text_color=\u00bb#666666&#8243; text_font_size=\u00bb20px\u00bb text_line_height=\u00bb1.8em\u00bb link_text_color=\u00bb#666666&#8243; custom_margin=\u00bb||0px||false|false\u00bb text_font_size_tablet=\u00bb15px\u00bb text_font_size_phone=\u00bb14px\u00bb text_font_size_last_edited=\u00bbon|phone\u00bb header_font_size_tablet=\u00bb55px\u00bb header_font_size_last_edited=\u00bboff|desktop\u00bb global_colors_info=\u00bb{}\u00bb]<\/p>\n<ul>\n<li>Cama doble<\/li>\n<\/ul>\n<p>[\/et_pb_text][et_pb_text _builder_version=\u00bb4.19.5&#8243; _module_preset=\u00bb1f09816e-184e-4ce5-a4cf-b39c52c423ca\u00bb text_font=\u00bbAdvent Pro||||||||\u00bb text_text_color=\u00bb#666666&#8243; text_font_size=\u00bb20px\u00bb text_line_height=\u00bb1.8em\u00bb link_text_color=\u00bb#666666&#8243; custom_margin=\u00bb||0px||false|false\u00bb text_font_size_tablet=\u00bb15px\u00bb text_font_size_phone=\u00bb14px\u00bb text_font_size_last_edited=\u00bbon|phone\u00bb header_font_size_tablet=\u00bb55px\u00bb header_font_size_last_edited=\u00bboff|desktop\u00bb global_colors_info=\u00bb{}\u00bb]<\/p>\n<ul>\n<li>Ba\u00f1o compartido<\/li>\n<\/ul>\n<p>[\/et_pb_text][et_pb_text _builder_version=\u00bb4.19.5&#8243; _module_preset=\u00bb1f09816e-184e-4ce5-a4cf-b39c52c423ca\u00bb text_font=\u00bbAdvent Pro||||||||\u00bb text_text_color=\u00bb#666666&#8243; text_font_size=\u00bb20px\u00bb text_line_height=\u00bb1.8em\u00bb link_text_color=\u00bb#666666&#8243; custom_margin=\u00bb||0px||false|false\u00bb text_font_size_tablet=\u00bb15px\u00bb text_font_size_phone=\u00bb14px\u00bb text_font_size_last_edited=\u00bbon|phone\u00bb header_font_size_tablet=\u00bb55px\u00bb header_font_size_last_edited=\u00bboff|desktop\u00bb global_colors_info=\u00bb{}\u00bb]<\/p>\n<ul>\n<li><span>Conexi\u00f3n Wi-Fi<\/span><\/li>\n<\/ul>\n<p>[\/et_pb_text][et_pb_text _builder_version=\u00bb4.19.5&#8243; _module_preset=\u00bb1f09816e-184e-4ce5-a4cf-b39c52c423ca\u00bb text_font=\u00bbOpen Sans||||||||\u00bb text_text_color=\u00bb#666666&#8243; text_font_size=\u00bb16px\u00bb text_line_height=\u00bb1.8em\u00bb link_text_color=\u00bb#666666&#8243; custom_margin=\u00bb30px||0px||false|false\u00bb text_font_size_tablet=\u00bb15px\u00bb text_font_size_phone=\u00bb14px\u00bb text_font_size_last_edited=\u00bbon|phone\u00bb header_font_size_tablet=\u00bb55px\u00bb header_font_size_last_edited=\u00bboff|desktop\u00bb global_colors_info=\u00bb{}\u00bb]<\/p>\n<p>PRECIO POR NOCHE<\/p>\n<p>[\/et_pb_text][et_pb_text _builder_version=\u00bb4.21.0&#8243; _module_preset=\u00bbaaa7c440-590a-4078-ae0c-0f3c699ac51c\u00bb header_font=\u00bb||||||||\u00bb header_3_font=\u00bbManrope|700|||||||\u00bb header_3_text_color=\u00bb#000000&#8243; header_3_font_size=\u00bb25px\u00bb header_3_line_height=\u00bb1.4em\u00bb header_3_font_size_tablet=\u00bb20px\u00bb header_3_font_size_phone=\u00bb16px\u00bb header_3_font_size_last_edited=\u00bbon|phone\u00bb global_colors_info=\u00bb{}\u00bb]<\/p>\n<h3>$35<\/h3>\n<p>[\/et_pb_text][\/et_pb_column][et_pb_column type=\u00bb2_5&#8243; _builder_version=\u00bb4.17.6&#8243; _module_preset=\u00bbdefault\u00bb custom_padding=\u00bb10%||||false|false\u00bb global_colors_info=\u00bb{}\u00bb][\/et_pb_column][\/et_pb_row][et_pb_row column_structure=\u00bb1_2,1_2&#8243; _builder_version=\u00bb4.21.0&#8243; _module_preset=\u00bbdefault\u00bb global_colors_info=\u00bb{}\u00bb][et_pb_column type=\u00bb1_2&#8243; _builder_version=\u00bb4.21.0&#8243; _module_preset=\u00bbdefault\u00bb global_colors_info=\u00bb{}\u00bb][et_pb_video_slider _builder_version=\u00bb4.21.0&#8243; _module_preset=\u00bbdefault\u00bb global_colors_info=\u00bb{}\u00bb][et_pb_video_slider_item src_webm=\u00bbhttp:\/\/kamaylogde.com\/wp-content\/uploads\/2023\/07\/SaveInsta.App-2806975375963066568.mp4&#8243; _builder_version=\u00bb4.21.0&#8243; _module_preset=\u00bbdefault\u00bb global_colors_info=\u00bb{}\u00bb show_image_overlay=\u00bboff\u00bb][\/et_pb_video_slider_item][\/et_pb_video_slider][\/et_pb_column][et_pb_column type=\u00bb1_2&#8243; _builder_version=\u00bb4.21.0&#8243; _module_preset=\u00bbdefault\u00bb global_colors_info=\u00bb{}\u00bb][et_pb_video_slider _builder_version=\u00bb4.21.0&#8243; _module_preset=\u00bbdefault\u00bb global_colors_info=\u00bb{}\u00bb][et_pb_video_slider_item src=\u00bbhttp:\/\/kamaylogde.com\/wp-content\/uploads\/2023\/07\/WhatsApp-Video-2023-06-27-at-09.47.59.mp4&#8243; _builder_version=\u00bb4.21.0&#8243; _module_preset=\u00bbdefault\u00bb global_colors_info=\u00bb{}\u00bb show_image_overlay=\u00bboff\u00bb][\/et_pb_video_slider_item][\/et_pb_video_slider][\/et_pb_column][\/et_pb_row][\/et_pb_section][et_pb_section fb_built=\u00bb1&#8243; admin_label=\u00bbCall to Action\u00bb _builder_version=\u00bb4.19.5&#8243; _module_preset=\u00bbdefault\u00bb background_color=\u00bb#81ba26&#8243; custom_margin=\u00bb2px|||||\u00bb locked=\u00bboff\u00bb collapsed=\u00bbon\u00bb global_colors_info=\u00bb{}\u00bb][et_pb_row _builder_version=\u00bb4.17.6&#8243; _module_preset=\u00bbdefault\u00bb max_width=\u00bb860px\u00bb global_colors_info=\u00bb{}\u00bb][et_pb_column type=\u00bb4_4&#8243; _builder_version=\u00bb4.17.6&#8243; _module_preset=\u00bbdefault\u00bb global_colors_info=\u00bb{}\u00bb][et_pb_text _builder_version=\u00bb4.19.5&#8243; _module_preset=\u00bbe6504a1b-67eb-4b3d-b023-bcab277610b6&#8243; text_font=\u00bbAdvent Pro||||||||\u00bb text_text_color=\u00bb#FFFFFF\u00bb header_4_font=\u00bbManrope|700||on|||||\u00bb header_4_text_color=\u00bb#FFFFFF\u00bb header_4_font_size=\u00bb14px\u00bb header_4_letter_spacing=\u00bb1px\u00bb header_4_line_height=\u00bb1.4em\u00bb text_orientation=\u00bbcenter\u00bb custom_margin=\u00bb||0px||false|false\u00bb global_colors_info=\u00bb{}\u00bb]<\/p>\n<p>KAMAY LODGE<\/p>\n<p>[\/et_pb_text][et_pb_text _builder_version=\u00bb4.21.0&#8243; _module_preset=\u00bbb327cbe4-b1d5-4b66-ad37-40c8f2f061ba\u00bb text_font=\u00bbAdvent Pro|500|||||||\u00bb text_text_color=\u00bb#FFFFFF\u00bb text_font_size=\u00bb44px\u00bb text_line_height=\u00bb1.8em\u00bb header_2_font=\u00bbManrope|700|||||||\u00bb header_2_text_color=\u00bb#FFFFFF\u00bb header_2_font_size=\u00bb48px\u00bb header_2_line_height=\u00bb1.2em\u00bb text_orientation=\u00bbcenter\u00bb header_2_font_size_tablet=\u00bb32px\u00bb header_2_font_size_phone=\u00bb20px\u00bb header_2_font_size_last_edited=\u00bbon|desktop\u00bb global_colors_info=\u00bb{}\u00bb]<\/p>\n<p><span>Ven y descubre la belleza de la monta\u00f1a desde la comodidad de nuestro hospedaje.<\/span><\/p>\n<p>[\/et_pb_text][\/et_pb_column][\/et_pb_row][\/et_pb_section][et_pb_section fb_built=\u00bb1&#8243; admin_label=\u00bbFooter\u00bb _builder_version=\u00bb4.19.5&#8243; _module_preset=\u00bbdefault\u00bb background_color=\u00bb#000000&#8243; custom_padding=\u00bb||0px||false|false\u00bb collapsed=\u00bbon\u00bb global_colors_info=\u00bb{}\u00bb][et_pb_row column_structure=\u00bb1_3,1_3,1_3&#8243; _builder_version=\u00bb4.19.5&#8243; _module_preset=\u00bbdefault\u00bb background_color=\u00bb#000000&#8243; global_colors_info=\u00bb{}\u00bb][et_pb_column type=\u00bb1_3&#8243; _builder_version=\u00bb4.19.5&#8243; _module_preset=\u00bbdefault\u00bb global_colors_info=\u00bb{}\u00bb][et_pb_text _builder_version=\u00bb4.19.5&#8243; _module_preset=\u00bbdefault\u00bb text_font=\u00bbAdvent Pro||||||||\u00bb text_text_color=\u00bb#FFFFFF\u00bb text_font_size=\u00bb24px\u00bb global_colors_info=\u00bb{}\u00bb]<\/p>\n<p><span>SOBRE NOSOTROS<\/span><\/p>\n<p>[\/et_pb_text][et_pb_text _builder_version=\u00bb4.19.5&#8243; _module_preset=\u00bbdefault\u00bb text_text_color=\u00bb#FFFFFF\u00bb global_colors_info=\u00bb{}\u00bb]<\/p>\n<p class=\"_04xlpA direction-ltr align-center para-style-body\"><span class=\"S1PPyQ\">Av.Bel\u00e9n y Princesa Toa<\/span><\/p>\n<p class=\"_04xlpA direction-ltr align-center para-style-body\"><span class=\"S1PPyQ\">+593 958924901<\/span><\/p>\n<p class=\"_04xlpA direction-ltr align-center para-style-body\"><span class=\"S1PPyQ\"><span>kamaylodge@gmail.com<\/span><\/span><\/p>\n<p>[\/et_pb_text][\/et_pb_column][et_pb_column type=\u00bb1_3&#8243; _builder_version=\u00bb4.19.5&#8243; _module_preset=\u00bbdefault\u00bb global_colors_info=\u00bb{}\u00bb][et_pb_text _builder_version=\u00bb4.19.5&#8243; _module_preset=\u00bbdefault\u00bb text_font=\u00bbAdvent Pro||||||||\u00bb text_text_color=\u00bb#FFFFFF\u00bb text_font_size=\u00bb24px\u00bb global_colors_info=\u00bb{}\u00bb]<\/p>\n<p><span>M\u00c1S INFORMACI\u00d3N<\/span><\/p>\n<p>[\/et_pb_text][et_pb_text _builder_version=\u00bb4.19.5&#8243; _module_preset=\u00bbdefault\u00bb text_text_color=\u00bb#FFFFFF\u00bb global_colors_info=\u00bb{}\u00bb]<\/p>\n<p>La Empresa<\/p>\n<p>Soporte<\/p>\n<p>Politicas de la empresa<\/p>\n<p>[\/et_pb_text][\/et_pb_column][et_pb_column type=\u00bb1_3&#8243; _builder_version=\u00bb4.19.5&#8243; _module_preset=\u00bbdefault\u00bb global_colors_info=\u00bb{}\u00bb][et_pb_text _builder_version=\u00bb4.19.5&#8243; _module_preset=\u00bbdefault\u00bb text_font=\u00bbAdvent Pro||||||||\u00bb text_text_color=\u00bb#FFFFFF\u00bb text_font_size=\u00bb24px\u00bb global_colors_info=\u00bb{}\u00bb]<\/p>\n<p><span>SIGUENOS EN REDES SOCIALES<\/span><\/p>\n<p>[\/et_pb_text][et_pb_social_media_follow _builder_version=\u00bb4.19.5&#8243; _module_preset=\u00bbdefault\u00bb global_colors_info=\u00bb{}\u00bb][et_pb_social_media_follow_network social_network=\u00bbfacebook\u00bb _builder_version=\u00bb4.19.5&#8243; _module_preset=\u00bbdefault\u00bb background_color=\u00bb#81ba26&#8243; background_enable_color=\u00bbon\u00bb global_colors_info=\u00bb{}\u00bb follow_button=\u00bboff\u00bb url_new_window=\u00bbon\u00bb]facebook[\/et_pb_social_media_follow_network][et_pb_social_media_follow_network social_network=\u00bbinstagram\u00bb _builder_version=\u00bb4.19.5&#8243; _module_preset=\u00bbdefault\u00bb background_color=\u00bb#537332&#8243; background_enable_color=\u00bbon\u00bb global_colors_info=\u00bb{}\u00bb follow_button=\u00bboff\u00bb url_new_window=\u00bbon\u00bb]instagram[\/et_pb_social_media_follow_network][et_pb_social_media_follow_network social_network=\u00bbwhatsapp\u00bb _builder_version=\u00bb4.19.5&#8243; _module_preset=\u00bbdefault\u00bb background_color=\u00bb#81ba26&#8243; background_enable_color=\u00bbon\u00bb global_colors_info=\u00bb{}\u00bb follow_button=\u00bboff\u00bb url_new_window=\u00bbon\u00bb]whatsapp[\/et_pb_social_media_follow_network][et_pb_social_media_follow_network social_network=\u00bbtiktok\u00bb _builder_version=\u00bb4.19.5&#8243; _module_preset=\u00bbdefault\u00bb background_color=\u00bb#537332&#8243; background_enable_color=\u00bbon\u00bb global_colors_info=\u00bb{}\u00bb follow_button=\u00bboff\u00bb url_new_window=\u00bbon\u00bb]tiktok[\/et_pb_social_media_follow_network][\/et_pb_social_media_follow][et_pb_text _builder_version=\u00bb4.19.5&#8243; _module_preset=\u00bbdefault\u00bb text_font=\u00bbAdvent Pro||||||||\u00bb text_text_color=\u00bb#FFFFFF\u00bb text_font_size=\u00bb24px\u00bb global_colors_info=\u00bb{}\u00bb]<\/p>\n<p><span>ENCONTRASTE LO QUE NECESITAS?<\/span><\/p>\n<p>[\/et_pb_text][et_pb_search placeholder=\u00bbBUSCAR\u00bb button_color=\u00bb#81ba26&#8243; placeholder_color=\u00bb#FFFFFF\u00bb _builder_version=\u00bb4.19.5&#8243; _module_preset=\u00bbdefault\u00bb button_text_color=\u00bb#FFFFFF\u00bb border_color_all=\u00bb#81ba26&#8243; global_colors_info=\u00bb{}\u00bb][\/et_pb_search][\/et_pb_column][\/et_pb_row][\/et_pb_section]<\/p>\n","protected":false},"excerpt":{"rendered":"<p>H.FAMILIAR2 PERSONASNuestras habitaciones dobles para hospedaje en la monta\u00f1a ofrecen una experiencia de alojamiento acogedora y c\u00f3moda.\u00a0 Cama doble Ba\u00f1o compartido Conexi\u00f3n Wi-Fi PRECIO POR NOCHE$35KAMAY LODGEVen y descubre la belleza de la monta\u00f1a desde la comodidad de nuestro hospedaje.SOBRE NOSOTROSAv.Bel\u00e9n y Princesa Toa +593 958924901 kamaylodge@gmail.comM\u00c1S INFORMACI\u00d3NLa Empresa Soporte Politicas de la empresaSIGUENOS EN [&hellip;]<\/p>\n","protected":false},"author":1,"featured_media":0,"parent":0,"menu_order":0,"comment_status":"closed","ping_status":"closed","template":"","meta":{"_et_pb_use_builder":"on","_et_pb_old_content":"","_et_gb_content_width":"","footnotes":""},"class_list":["post-270","page","type-page","status-publish","hentry"],"yoast_head":"<!-- This site is optimized with the Yoast SEO plugin v27.4 - https:\/\/yoast.com\/product\/yoast-seo-wordpress\/ -->\n<title>H.FAMILIAR - kamaylodge.com<\/title>\n<meta name=\"robots\" content=\"index, follow, max-snippet:-1, max-image-preview:large, max-video-preview:-1\" \/>\n<link rel=\"canonical\" href=\"https:\/\/kamaylogde.com\/index.php\/doble\/\" \/>\n<meta property=\"og:locale\" content=\"es_ES\" \/>\n<meta property=\"og:type\" content=\"article\" \/>\n<meta property=\"og:title\" content=\"H.FAMILIAR - kamaylodge.com\" \/>\n<meta property=\"og:description\" content=\"H.FAMILIAR2 PERSONASNuestras habitaciones dobles para hospedaje en la monta\u00f1a ofrecen una experiencia de alojamiento acogedora y c\u00f3moda.\u00a0 Cama doble Ba\u00f1o compartido Conexi\u00f3n Wi-Fi PRECIO POR NOCHE$35KAMAY LODGEVen y descubre la belleza de la monta\u00f1a desde la comodidad de nuestro hospedaje.SOBRE NOSOTROSAv.Bel\u00e9n y Princesa Toa +593 958924901 kamaylodge@gmail.comM\u00c1S INFORMACI\u00d3NLa Empresa Soporte Politicas de la empresaSIGUENOS EN [&hellip;]\" \/>\n<meta property=\"og:url\" content=\"https:\/\/kamaylogde.com\/index.php\/doble\/\" \/>\n<meta property=\"og:site_name\" content=\"kamaylodge.com\" \/>\n<meta property=\"article:publisher\" content=\"https:\/\/www.facebook.com\/kamaylodge\" \/>\n<meta property=\"article:modified_time\" content=\"2023-07-07T21:04:36+00:00\" \/>\n<meta name=\"twitter:card\" content=\"summary_large_image\" \/>\n<meta name=\"twitter:label1\" content=\"Tiempo de lectura\" \/>\n\t<meta name=\"twitter:data1\" content=\"3 minutos\" \/>\n<script type=\"application\/ld+json\" class=\"yoast-schema-graph\">{\"@context\":\"https:\\\/\\\/schema.org\",\"@graph\":[{\"@type\":\"WebPage\",\"@id\":\"https:\\\/\\\/kamaylogde.com\\\/index.php\\\/doble\\\/\",\"url\":\"https:\\\/\\\/kamaylogde.com\\\/index.php\\\/doble\\\/\",\"name\":\"H.FAMILIAR - kamaylodge.com\",\"isPartOf\":{\"@id\":\"https:\\\/\\\/kamaylogde.com\\\/#website\"},\"datePublished\":\"2023-03-13T15:09:43+00:00\",\"dateModified\":\"2023-07-07T21:04:36+00:00\",\"breadcrumb\":{\"@id\":\"https:\\\/\\\/kamaylogde.com\\\/index.php\\\/doble\\\/#breadcrumb\"},\"inLanguage\":\"es\",\"potentialAction\":[{\"@type\":\"ReadAction\",\"target\":[\"https:\\\/\\\/kamaylogde.com\\\/index.php\\\/doble\\\/\"]}]},{\"@type\":\"BreadcrumbList\",\"@id\":\"https:\\\/\\\/kamaylogde.com\\\/index.php\\\/doble\\\/#breadcrumb\",\"itemListElement\":[{\"@type\":\"ListItem\",\"position\":1,\"name\":\"Home\",\"item\":\"https:\\\/\\\/kamaylogde.com\\\/\"},{\"@type\":\"ListItem\",\"position\":2,\"name\":\"H.FAMILIAR\"}]},{\"@type\":\"WebSite\",\"@id\":\"https:\\\/\\\/kamaylogde.com\\\/#website\",\"url\":\"https:\\\/\\\/kamaylogde.com\\\/\",\"name\":\"kamaylodge.com\",\"description\":\"Un para\u00edso en el Ilal\u00f3\",\"publisher\":{\"@id\":\"https:\\\/\\\/kamaylogde.com\\\/#\\\/schema\\\/person\\\/71d20d51e317ec3864e5fba46f66c670\"},\"potentialAction\":[{\"@type\":\"SearchAction\",\"target\":{\"@type\":\"EntryPoint\",\"urlTemplate\":\"https:\\\/\\\/kamaylogde.com\\\/?s={search_term_string}\"},\"query-input\":{\"@type\":\"PropertyValueSpecification\",\"valueRequired\":true,\"valueName\":\"search_term_string\"}}],\"inLanguage\":\"es\"},{\"@type\":[\"Person\",\"Organization\"],\"@id\":\"https:\\\/\\\/kamaylogde.com\\\/#\\\/schema\\\/person\\\/71d20d51e317ec3864e5fba46f66c670\",\"name\":\"kamaylodge@gmail.com\",\"image\":{\"@type\":\"ImageObject\",\"inLanguage\":\"es\",\"@id\":\"https:\\\/\\\/kamaylogde.com\\\/wp-content\\\/uploads\\\/2023\\\/04\\\/LOGO-KAMAY-LODGE-1.png\",\"url\":\"https:\\\/\\\/kamaylogde.com\\\/wp-content\\\/uploads\\\/2023\\\/04\\\/LOGO-KAMAY-LODGE-1.png\",\"contentUrl\":\"https:\\\/\\\/kamaylogde.com\\\/wp-content\\\/uploads\\\/2023\\\/04\\\/LOGO-KAMAY-LODGE-1.png\",\"width\":1080,\"height\":1080,\"caption\":\"kamaylodge@gmail.com\"},\"logo\":{\"@id\":\"https:\\\/\\\/kamaylogde.com\\\/wp-content\\\/uploads\\\/2023\\\/04\\\/LOGO-KAMAY-LODGE-1.png\"},\"sameAs\":[\"http:\\\/\\\/kamaylodge.com\",\"https:\\\/\\\/www.facebook.com\\\/kamaylodge\",\"https:\\\/\\\/www.instagram.com\\\/kamaylodge\\\/\"]}]}<\/script>\n<!-- \/ Yoast SEO plugin. -->","yoast_head_json":{"title":"H.FAMILIAR - kamaylodge.com","robots":{"index":"index","follow":"follow","max-snippet":"max-snippet:-1","max-image-preview":"max-image-preview:large","max-video-preview":"max-video-preview:-1"},"canonical":"https:\/\/kamaylogde.com\/index.php\/doble\/","og_locale":"es_ES","og_type":"article","og_title":"H.FAMILIAR - kamaylodge.com","og_description":"H.FAMILIAR2 PERSONASNuestras habitaciones dobles para hospedaje en la monta\u00f1a ofrecen una experiencia de alojamiento acogedora y c\u00f3moda.\u00a0 Cama doble Ba\u00f1o compartido Conexi\u00f3n Wi-Fi PRECIO POR NOCHE$35KAMAY LODGEVen y descubre la belleza de la monta\u00f1a desde la comodidad de nuestro hospedaje.SOBRE NOSOTROSAv.Bel\u00e9n y Princesa Toa +593 958924901 kamaylodge@gmail.comM\u00c1S INFORMACI\u00d3NLa Empresa Soporte Politicas de la empresaSIGUENOS EN [&hellip;]","og_url":"https:\/\/kamaylogde.com\/index.php\/doble\/","og_site_name":"kamaylodge.com","article_publisher":"https:\/\/www.facebook.com\/kamaylodge","article_modified_time":"2023-07-07T21:04:36+00:00","twitter_card":"summary_large_image","twitter_misc":{"Tiempo de lectura":"3 minutos"},"schema":{"@context":"https:\/\/schema.org","@graph":[{"@type":"WebPage","@id":"https:\/\/kamaylogde.com\/index.php\/doble\/","url":"https:\/\/kamaylogde.com\/index.php\/doble\/","name":"H.FAMILIAR - kamaylodge.com","isPartOf":{"@id":"https:\/\/kamaylogde.com\/#website"},"datePublished":"2023-03-13T15:09:43+00:00","dateModified":"2023-07-07T21:04:36+00:00","breadcrumb":{"@id":"https:\/\/kamaylogde.com\/index.php\/doble\/#breadcrumb"},"inLanguage":"es","potentialAction":[{"@type":"ReadAction","target":["https:\/\/kamaylogde.com\/index.php\/doble\/"]}]},{"@type":"BreadcrumbList","@id":"https:\/\/kamaylogde.com\/index.php\/doble\/#breadcrumb","itemListElement":[{"@type":"ListItem","position":1,"name":"Home","item":"https:\/\/kamaylogde.com\/"},{"@type":"ListItem","position":2,"name":"H.FAMILIAR"}]},{"@type":"WebSite","@id":"https:\/\/kamaylogde.com\/#website","url":"https:\/\/kamaylogde.com\/","name":"kamaylodge.com","description":"Un para\u00edso en el Ilal\u00f3","publisher":{"@id":"https:\/\/kamaylogde.com\/#\/schema\/person\/71d20d51e317ec3864e5fba46f66c670"},"potentialAction":[{"@type":"SearchAction","target":{"@type":"EntryPoint","urlTemplate":"https:\/\/kamaylogde.com\/?s={search_term_string}"},"query-input":{"@type":"PropertyValueSpecification","valueRequired":true,"valueName":"search_term_string"}}],"inLanguage":"es"},{"@type":["Person","Organization"],"@id":"https:\/\/kamaylogde.com\/#\/schema\/person\/71d20d51e317ec3864e5fba46f66c670","name":"kamaylodge@gmail.com","image":{"@type":"ImageObject","inLanguage":"es","@id":"https:\/\/kamaylogde.com\/wp-content\/uploads\/2023\/04\/LOGO-KAMAY-LODGE-1.png","url":"https:\/\/kamaylogde.com\/wp-content\/uploads\/2023\/04\/LOGO-KAMAY-LODGE-1.png","contentUrl":"https:\/\/kamaylogde.com\/wp-content\/uploads\/2023\/04\/LOGO-KAMAY-LODGE-1.png","width":1080,"height":1080,"caption":"kamaylodge@gmail.com"},"logo":{"@id":"https:\/\/kamaylogde.com\/wp-content\/uploads\/2023\/04\/LOGO-KAMAY-LODGE-1.png"},"sameAs":["http:\/\/kamaylodge.com","https:\/\/www.facebook.com\/kamaylodge","https:\/\/www.instagram.com\/kamaylodge\/"]}]}},"_links":{"self":[{"href":"https:\/\/kamaylogde.com\/index.php\/wp-json\/wp\/v2\/pages\/270","targetHints":{"allow":["GET"]}}],"collection":[{"href":"https:\/\/kamaylogde.com\/index.php\/wp-json\/wp\/v2\/pages"}],"about":[{"href":"https:\/\/kamaylogde.com\/index.php\/wp-json\/wp\/v2\/types\/page"}],"author":[{"embeddable":true,"href":"https:\/\/kamaylogde.com\/index.php\/wp-json\/wp\/v2\/users\/1"}],"replies":[{"embeddable":true,"href":"https:\/\/kamaylogde.com\/index.php\/wp-json\/wp\/v2\/comments?post=270"}],"version-history":[{"count":23,"href":"https:\/\/kamaylogde.com\/index.php\/wp-json\/wp\/v2\/pages\/270\/revisions"}],"predecessor-version":[{"id":617,"href":"https:\/\/kamaylogde.com\/index.php\/wp-json\/wp\/v2\/pages\/270\/revisions\/617"}],"wp:attachment":[{"href":"https:\/\/kamaylogde.com\/index.php\/wp-json\/wp\/v2\/media?parent=270"}],"curies":[{"name":"wp","href":"https:\/\/api.w.org\/{rel}","templated":true}]}}