{"id":38,"date":"2023-02-10T19:50:57","date_gmt":"2023-02-10T19:50:57","guid":{"rendered":"https:\/\/kamaylogde.com\/?page_id=38"},"modified":"2023-07-07T17:29:27","modified_gmt":"2023-07-07T17:29:27","slug":"restaurante","status":"publish","type":"page","link":"https:\/\/kamaylogde.com\/index.php\/restaurante\/","title":{"rendered":"RESTAURANTE"},"content":{"rendered":"<p>[et_pb_section fb_built=\u00bb1&#8243; make_equal=\u00bbon\u00bb specialty=\u00bbon\u00bb custom_padding_last_edited=\u00bbon|phone\u00bb background_position_2=\u00bbcenter\u00bb use_background_color_gradient_2=\u00bboff\u00bb background_color_gradient_stops_2=\u00bb#000000 0%|rgba(0,0,0,0) 65%\u00bb background_color_gradient_start_2=\u00bb#000000&#8243; background_color_gradient_end_2=\u00bbrgba(0,0,0,0)\u00bb background_color_gradient_start_position_2=\u00bb0%\u00bb background_color_gradient_end_position_2=\u00bb65%\u00bb background_color_gradient_overlays_image_2=\u00bbon\u00bb padding_top_2=\u00bb0px\u00bb padding_bottom_1=\u00bb20vw\u00bb admin_label=\u00bbHeader\u00bb _builder_version=\u00bb4.21.0&#8243; use_background_color_gradient=\u00bbon\u00bb background_color_gradient_stops=\u00bbrgba(255,255,255,0) 0%|rgba(255,255,255,0) 81%\u00bb background_color_gradient_overlays_image=\u00bbon\u00bb background_color_gradient_start=\u00bb#ffffff\u00bb background_color_gradient_start_position=\u00bb20%\u00bb background_color_gradient_end=\u00bbrgba(255,255,255,0)\u00bb background_image=\u00bbhttp:\/\/kamaylogde.com\/wp-content\/uploads\/2023\/06\/FOTOS-PAGINA-KAMAY-PAGINA-WEB-restaurante-19.png\u00bb inner_width=\u00bb100%\u00bb inner_max_width=\u00bb100%\u00bb min_height=\u00bb607.2px\u00bb custom_margin=\u00bb0vw||-99px|||\u00bb custom_margin_tablet=\u00bb0vw||\u00bb custom_margin_phone=\u00bb\u00bb custom_margin_last_edited=\u00bbon|desktop\u00bb custom_padding=\u00bb0px|0|224px|10vw|false|false\u00bb custom_padding_tablet=\u00bb80px|10vw||10vw||true\u00bb custom_padding_phone=\u00bb|||||false\u00bb use_custom_width=\u00bbon\u00bb width_unit=\u00bboff\u00bb custom_width_percent=\u00bb100%\u00bb locked=\u00bboff\u00bb global_colors_info=\u00bb{}\u00bb][et_pb_column type=\u00bb2_3&#8243; specialty_columns=\u00bb2&#8243; _builder_version=\u00bb4.16&#8243; custom_padding=\u00bb|||\u00bb global_colors_info=\u00bb{}\u00bb parallax__hover=\u00bboff\u00bb parallax_method__hover=\u00bbon\u00bb custom_padding__hover=\u00bb|||\u00bb][\/et_pb_column][et_pb_column type=\u00bb1_3&#8243; _builder_version=\u00bb4.16&#8243; custom_padding=\u00bb|||\u00bb global_colors_info=\u00bb{}\u00bb padding_top__hover=\u00bb0px\u00bb bg_img__hover=\u00bbhttp:\/\/ishtiaq.sandbox.etdevs.com\/divi\/wp-content\/uploads\/sites\/2\/2019\/01\/spa_hotel_02.jpg\u00bb parallax__hover=\u00bboff\u00bb parallax_method__hover=\u00bbon\u00bb custom_padding__hover=\u00bb|||\u00bb][\/et_pb_column][\/et_pb_section][et_pb_section fb_built=\u00bb1&#8243; _builder_version=\u00bb4.19.5&#8243; _module_preset=\u00bbdefault\u00bb min_height=\u00bb247.4px\u00bb custom_margin=\u00bb26px|||||\u00bb global_colors_info=\u00bb{}\u00bb][et_pb_row _builder_version=\u00bb4.19.5&#8243; _module_preset=\u00bbdefault\u00bb global_colors_info=\u00bb{}\u00bb custom_margin=\u00bb-35px|auto||auto||\u00bb][et_pb_column type=\u00bb4_4&#8243; _builder_version=\u00bb4.19.5&#8243; _module_preset=\u00bbdefault\u00bb global_colors_info=\u00bb{}\u00bb][et_pb_text _builder_version=\u00bb4.21.0&#8243; _module_preset=\u00bbdefault\u00bb text_font=\u00bbAdvent Pro||||||||\u00bb text_text_color=\u00bb#81ba26&#8243; text_font_size=\u00bb40px\u00bb hover_enabled=\u00bb0&#8243; global_colors_info=\u00bb{}\u00bb disabled_on=\u00bbon|on|off\u00bb sticky_enabled=\u00bb0&#8243;]<\/p>\n<p style=\"text-align: center;\">\u00a1Bienvenidos a nuestro restaurante!<\/p>\n<p>[\/et_pb_text][et_pb_text _builder_version=\u00bb4.21.0&#8243; _module_preset=\u00bbdefault\u00bb text_font=\u00bbAdvent Pro||||||||\u00bb text_text_color=\u00bb#81ba26&#8243; text_font_size=\u00bb40px\u00bb hover_enabled=\u00bb0&#8243; global_colors_info=\u00bb{}\u00bb text_line_height=\u00bb1.8em\u00bb sticky_enabled=\u00bb0&#8243; disabled_on=\u00bboff|off|on\u00bb]<\/p>\n<p style=\"text-align: center;\">\u00a1Bienvenidos a nuestro restaurante!<\/p>\n<p>[\/et_pb_text][\/et_pb_column][\/et_pb_row][et_pb_row _builder_version=\u00bb4.19.5&#8243; _module_preset=\u00bbdefault\u00bb global_colors_info=\u00bb{}\u00bb custom_padding=\u00bb6px|||||\u00bb][et_pb_column type=\u00bb4_4&#8243; _builder_version=\u00bb4.19.5&#8243; _module_preset=\u00bbdefault\u00bb global_colors_info=\u00bb{}\u00bb][et_pb_text _builder_version=\u00bb4.19.5&#8243; _module_preset=\u00bbdefault\u00bb text_font=\u00bbAdvent Pro||||||||\u00bb text_text_color=\u00bb#537332&#8243; text_font_size=\u00bb25px\u00bb global_colors_info=\u00bb{}\u00bb]<\/p>\n<p style=\"text-align: center;\">Aqu\u00ed en nuestro espacio al aire libre, ofrecemos una experiencia \u00fanica y relajante para disfrutar de deliciosas comidas y bebidas mientras disfruta del ambiente natural.<\/p>\n<p>[\/et_pb_text][\/et_pb_column][\/et_pb_row][\/et_pb_section][et_pb_section fb_built=\u00bb1&#8243; _builder_version=\u00bb4.21.0&#8243; _module_preset=\u00bbdefault\u00bb hover_enabled=\u00bb0&#8243; global_colors_info=\u00bb{}\u00bb custom_padding=\u00bb10px||0px|||\u00bb background_color=\u00bb#93b93a\u00bb sticky_enabled=\u00bb0&#8243;][et_pb_row column_structure=\u00bb1_2,1_2&#8243; _builder_version=\u00bb4.19.5&#8243; _module_preset=\u00bbdefault\u00bb global_colors_info=\u00bb{}\u00bb][et_pb_column type=\u00bb1_2&#8243; _builder_version=\u00bb4.19.5&#8243; _module_preset=\u00bbdefault\u00bb global_colors_info=\u00bb{}\u00bb][et_pb_image src=\u00bbhttp:\/\/kamaylogde.com\/wp-content\/uploads\/2023\/03\/FOTOS-PAGINA-KAMAY-PAGINA-WEB-restaurante-1.png\u00bb title_text=\u00bbFOTOS PAGINA KAMAY-PAGINA WEB restaurante (1)\u00bb _builder_version=\u00bb4.19.5&#8243; _module_preset=\u00bbdefault\u00bb global_colors_info=\u00bb{}\u00bb][\/et_pb_image][\/et_pb_column][et_pb_column type=\u00bb1_2&#8243; _builder_version=\u00bb4.19.5&#8243; _module_preset=\u00bbdefault\u00bb global_colors_info=\u00bb{}\u00bb][et_pb_text _builder_version=\u00bb4.21.0&#8243; _module_preset=\u00bbdefault\u00bb text_font=\u00bbAdvent Pro||||||||\u00bb text_font_size=\u00bb25px\u00bb custom_margin=\u00bb|||0px|false|false\u00bb custom_padding=\u00bb40px||||false|false\u00bb hover_enabled=\u00bb0&#8243; global_colors_info=\u00bb{}\u00bb text_text_color=\u00bb#FFFFFF\u00bb sticky_enabled=\u00bb0&#8243;]<\/p>\n<p style=\"text-align: center;\"><span>Ofrecemos un delicioso desayuno para comenzar bien el d\u00eda.<\/span><\/p>\n<p style=\"text-align: center;\">Las opciones saludables como avena, yogur y frutas frescas de temporada para aquellos que buscan algo ligero.<\/p>\n<p style=\"text-align: center;\">\u00a1Ven y disfruta de nuestro delicioso desayuno en nuestro restaurante al aire libre!<\/p>\n<p>[\/et_pb_text][\/et_pb_column][\/et_pb_row][\/et_pb_section][et_pb_section fb_built=\u00bb1&#8243; theme_builder_area=\u00bbpost_content\u00bb _builder_version=\u00bb4.21.0&#8243; _module_preset=\u00bbdefault\u00bb custom_padding=\u00bb||4px|||\u00bb][et_pb_row _builder_version=\u00bb4.21.0&#8243; _module_preset=\u00bbdefault\u00bb column_structure=\u00bb1_2,1_2&#8243; theme_builder_area=\u00bbpost_content\u00bb][et_pb_column _builder_version=\u00bb4.21.0&#8243; _module_preset=\u00bbdefault\u00bb type=\u00bb1_2&#8243; theme_builder_area=\u00bbpost_content\u00bb][et_pb_image src=\u00bbhttp:\/\/kamaylogde.com\/wp-content\/uploads\/2023\/03\/FOTOS-PAGINA-KAMAY-PAGINA-WEB-restaurante.png\u00bb _builder_version=\u00bb4.21.0&#8243; _module_preset=\u00bbdefault\u00bb theme_builder_area=\u00bbpost_content\u00bb hover_enabled=\u00bb0&#8243; sticky_enabled=\u00bb0&#8243; title_text=\u00bbFOTOS PAGINA KAMAY-PAGINA WEB restaurante\u00bb][\/et_pb_image][\/et_pb_column][et_pb_column _builder_version=\u00bb4.21.0&#8243; _module_preset=\u00bbdefault\u00bb type=\u00bb1_2&#8243; theme_builder_area=\u00bbpost_content\u00bb][et_pb_text _builder_version=\u00bb4.21.0&#8243; _module_preset=\u00bbdefault\u00bb theme_builder_area=\u00bbpost_content\u00bb text_font=\u00bbAdvent Pro||||||||\u00bb text_font_size=\u00bb25px\u00bb hover_enabled=\u00bb0&#8243; sticky_enabled=\u00bb0&#8243; text_text_color=\u00bb#000000&#8243; custom_margin=\u00bb||0px|0px|false|false\u00bb custom_padding=\u00bb53px|||0px|false|false\u00bb]<\/p>\n<p style=\"text-align: center;\"><span>Aqu\u00ed en nuestro espacio al aire libre, ofrecemos una deliciosa selecci\u00f3n de opciones de almuerzo que satisfar\u00e1n todos los gustos.<\/span><\/p>\n<p style=\"text-align: center;\">\u00a1Ven y disfruta de nuestro delicioso almuerzo en nuestro restaurante al aire libre!<\/p>\n<p>[\/et_pb_text][\/et_pb_column][\/et_pb_row][\/et_pb_section][et_pb_section fb_built=\u00bb1&#8243; _builder_version=\u00bb4.21.0&#8243; _module_preset=\u00bbdefault\u00bb hover_enabled=\u00bb0&#8243; global_colors_info=\u00bb{}\u00bb background_color=\u00bb#93b93a\u00bb sticky_enabled=\u00bb0&#8243;][et_pb_row column_structure=\u00bb1_2,1_2&#8243; _builder_version=\u00bb4.19.5&#8243; _module_preset=\u00bbdefault\u00bb global_colors_info=\u00bb{}\u00bb][et_pb_column type=\u00bb1_2&#8243; _builder_version=\u00bb4.19.5&#8243; _module_preset=\u00bbdefault\u00bb global_colors_info=\u00bb{}\u00bb][et_pb_image src=\u00bbhttp:\/\/kamaylogde.com\/wp-content\/uploads\/2023\/03\/FOTOS-PAGINA-KAMAY-PAGINA-WEB-restaurante-6.png\u00bb title_text=\u00bbFOTOS PAGINA KAMAY-PAGINA WEB restaurante (6)\u00bb _builder_version=\u00bb4.19.5&#8243; _module_preset=\u00bbdefault\u00bb global_colors_info=\u00bb{}\u00bb][\/et_pb_image][\/et_pb_column][et_pb_column type=\u00bb1_2&#8243; _builder_version=\u00bb4.19.5&#8243; _module_preset=\u00bbdefault\u00bb global_colors_info=\u00bb{}\u00bb][et_pb_text _builder_version=\u00bb4.21.0&#8243; _module_preset=\u00bbdefault\u00bb text_font=\u00bbAdvent Pro||||||||\u00bb text_font_size=\u00bb25px\u00bb text_letter_spacing=\u00bb1px\u00bb custom_padding=\u00bb90px||||false|false\u00bb hover_enabled=\u00bb0&#8243; global_colors_info=\u00bb{}\u00bb text_text_color=\u00bb#FFFFFF\u00bb sticky_enabled=\u00bb0&#8243;]<\/p>\n<p style=\"text-align: center;\"><span>Nuestro men\u00fa incluye exquisitas opciones de carne como filetes jugosos, costillas tiernas y sabrosos cortes de cerdo. Adem\u00e1s, para los amantes del pollo, ofrecemos deliciosas opciones como pechugas jugosas, muslos tiernos y alas crujientes.\u00a0<\/span><\/p>\n<p>[\/et_pb_text][\/et_pb_column][\/et_pb_row][\/et_pb_section][et_pb_section fb_built=\u00bb1&#8243; _builder_version=\u00bb4.19.5&#8243; _module_preset=\u00bbdefault\u00bb custom_padding=\u00bb0px||0px|||\u00bb global_colors_info=\u00bb{}\u00bb][et_pb_row column_structure=\u00bb1_2,1_2&#8243; _builder_version=\u00bb4.19.5&#8243; _module_preset=\u00bbdefault\u00bb global_colors_info=\u00bb{}\u00bb][et_pb_column type=\u00bb1_2&#8243; _builder_version=\u00bb4.19.5&#8243; _module_preset=\u00bbdefault\u00bb global_colors_info=\u00bb{}\u00bb][et_pb_image src=\u00bbhttp:\/\/kamaylogde.com\/wp-content\/uploads\/2023\/03\/FOTOS-PAGINA-KAMAY-PAGINA-WEB-restaurante-4.png\u00bb title_text=\u00bbFOTOS PAGINA KAMAY-PAGINA WEB restaurante (4)\u00bb _builder_version=\u00bb4.19.5&#8243; _module_preset=\u00bbdefault\u00bb global_colors_info=\u00bb{}\u00bb][\/et_pb_image][\/et_pb_column][et_pb_column type=\u00bb1_2&#8243; _builder_version=\u00bb4.19.5&#8243; _module_preset=\u00bbdefault\u00bb global_colors_info=\u00bb{}\u00bb][et_pb_text _builder_version=\u00bb4.21.0&#8243; _module_preset=\u00bbdefault\u00bb text_font=\u00bbAdvent Pro||||||||\u00bb text_font_size=\u00bb25px\u00bb text_letter_spacing=\u00bb1px\u00bb custom_padding=\u00bb90px||||false|false\u00bb hover_enabled=\u00bb0&#8243; global_colors_info=\u00bb{}\u00bb text_text_color=\u00bb#000000&#8243; sticky_enabled=\u00bb0&#8243;]<\/p>\n<p style=\"text-align: center;\"><span>Disfruta de una deliciosa cena al aire libre en nuestro restaurante, donde la buena comida y el ambiente se combinan para crear una experiencia memorable. \u00a1Te esperamos!<\/span><\/p>\n<p>[\/et_pb_text][\/et_pb_column][\/et_pb_row][\/et_pb_section][et_pb_section fb_built=\u00bb1&#8243; _builder_version=\u00bb4.19.5&#8243; _module_preset=\u00bbdefault\u00bb background_image=\u00bbhttp:\/\/kamaylogde.com\/wp-content\/uploads\/2023\/03\/FOTOS-PAGINA-KAMAY-PAGINA-WEB-2.png\u00bb min_height=\u00bb852px\u00bb custom_margin=\u00bb21px||-1px|||\u00bb custom_padding=\u00bb0px||333px|||\u00bb global_colors_info=\u00bb{}\u00bb][\/et_pb_section][et_pb_section fb_built=\u00bb1&#8243; _builder_version=\u00bb4.19.5&#8243; _module_preset=\u00bbdefault\u00bb background_color=\u00bb#000000&#8243; global_colors_info=\u00bb{}\u00bb][et_pb_row column_structure=\u00bb1_3,1_3,1_3&#8243; _builder_version=\u00bb4.19.5&#8243; _module_preset=\u00bbdefault\u00bb global_colors_info=\u00bb{}\u00bb][et_pb_column type=\u00bb1_3&#8243; _builder_version=\u00bb4.19.5&#8243; _module_preset=\u00bbdefault\u00bb global_colors_info=\u00bb{}\u00bb][et_pb_text _builder_version=\u00bb4.21.0&#8243; _module_preset=\u00bbdefault\u00bb text_font=\u00bbAdvent Pro||||||||\u00bb text_text_color=\u00bb#FFFFFF\u00bb text_font_size=\u00bb24px\u00bb header_font=\u00bbAdvent Pro||||||||\u00bb header_font_size=\u00bb24px\u00bb global_colors_info=\u00bb{}\u00bb]<\/p>\n<p>SOBRE NOSOTROS<\/p>\n<p>[\/et_pb_text][et_pb_text _builder_version=\u00bb4.19.5&#8243; _module_preset=\u00bbdefault\u00bb text_text_color=\u00bb#FFFFFF\u00bb custom_padding=\u00bb||0px|||\u00bb global_colors_info=\u00bb{}\u00bb]<\/p>\n<p class=\"_04xlpA direction-ltr align-center para-style-body\"><span class=\"S1PPyQ\">Av.Bel\u00e9n y Princesa Toa<\/span><\/p>\n<p class=\"_04xlpA direction-ltr align-center para-style-body\"><span class=\"S1PPyQ\">+593 958924901<\/span><\/p>\n<p class=\"_04xlpA direction-ltr align-center para-style-body\"><span class=\"S1PPyQ\"><span>kamaylodge@gmail.com<\/span><\/span><\/p>\n<p>[\/et_pb_text][\/et_pb_column][et_pb_column type=\u00bb1_3&#8243; _builder_version=\u00bb4.19.5&#8243; _module_preset=\u00bbdefault\u00bb global_colors_info=\u00bb{}\u00bb][et_pb_text _builder_version=\u00bb4.21.0&#8243; _module_preset=\u00bbdefault\u00bb text_font=\u00bbAdvent Pro||||||||\u00bb text_text_color=\u00bb#FFFFFF\u00bb text_font_size=\u00bb24px\u00bb global_colors_info=\u00bb{}\u00bb]<\/p>\n<p><span>M\u00c1S INFORMACI\u00d3N<\/span><\/p>\n<p>[\/et_pb_text][et_pb_text _builder_version=\u00bb4.19.5&#8243; _module_preset=\u00bbdefault\u00bb text_text_color=\u00bb#FFFFFF\u00bb global_colors_info=\u00bb{}\u00bb]<\/p>\n<p>La Empresa<\/p>\n<p>Soporte<\/p>\n<p>Politicas de la empresa<\/p>\n<p>[\/et_pb_text][\/et_pb_column][et_pb_column type=\u00bb1_3&#8243; _builder_version=\u00bb4.19.5&#8243; _module_preset=\u00bbdefault\u00bb global_colors_info=\u00bb{}\u00bb][et_pb_text _builder_version=\u00bb4.19.5&#8243; _module_preset=\u00bbdefault\u00bb text_font=\u00bbAdvent Pro||||||||\u00bb text_text_color=\u00bb#FFFFFF\u00bb text_font_size=\u00bb24px\u00bb global_colors_info=\u00bb{}\u00bb]<\/p>\n<p><span>SIGUENOS EN REDES SOCIALES<\/span><\/p>\n<p>[\/et_pb_text][et_pb_social_media_follow _builder_version=\u00bb4.21.0&#8243; _module_preset=\u00bbdefault\u00bb global_colors_info=\u00bb{}\u00bb][et_pb_social_media_follow_network social_network=\u00bbfacebook\u00bb url=\u00bbhttps:\/\/www.facebook.com\/kamaylodge\u00bb _builder_version=\u00bb4.21.0&#8243; _module_preset=\u00bbdefault\u00bb background_color=\u00bb#81ba26&#8243; background_enable_color=\u00bbon\u00bb global_colors_info=\u00bb{}\u00bb follow_button=\u00bboff\u00bb url_new_window=\u00bbon\u00bb]facebook[\/et_pb_social_media_follow_network][et_pb_social_media_follow_network social_network=\u00bbinstagram\u00bb url=\u00bbhttps:\/\/www.instagram.com\/kamaylodge\/\u00bb _builder_version=\u00bb4.21.0&#8243; _module_preset=\u00bbdefault\u00bb background_color=\u00bb#537332&#8243; background_enable_color=\u00bbon\u00bb global_colors_info=\u00bb{}\u00bb follow_button=\u00bboff\u00bb url_new_window=\u00bbon\u00bb]instagram[\/et_pb_social_media_follow_network][et_pb_social_media_follow_network social_network=\u00bbwhatsapp\u00bb url=\u00bbhttps:\/\/bit.ly\/44nmNdT\u00bb _builder_version=\u00bb4.21.0&#8243; _module_preset=\u00bbdefault\u00bb background_color=\u00bb#81ba26&#8243; background_enable_color=\u00bbon\u00bb global_colors_info=\u00bb{}\u00bb follow_button=\u00bboff\u00bb url_new_window=\u00bbon\u00bb]whatsapp[\/et_pb_social_media_follow_network][et_pb_social_media_follow_network social_network=\u00bbtiktok\u00bb url=\u00bbhttps:\/\/www.tiktok.com\/@kamay_lodge\u00bb _builder_version=\u00bb4.21.0&#8243; _module_preset=\u00bbdefault\u00bb background_color=\u00bb#537332&#8243; background_enable_color=\u00bbon\u00bb global_colors_info=\u00bb{}\u00bb follow_button=\u00bboff\u00bb url_new_window=\u00bbon\u00bb]tiktok[\/et_pb_social_media_follow_network][\/et_pb_social_media_follow][et_pb_text _builder_version=\u00bb4.19.5&#8243; _module_preset=\u00bbdefault\u00bb text_font=\u00bbAdvent Pro||||||||\u00bb text_text_color=\u00bb#FFFFFF\u00bb text_font_size=\u00bb24px\u00bb global_colors_info=\u00bb{}\u00bb]<\/p>\n<p><span>ENCONTRASTE LO QUE NECESITAS?<\/span><\/p>\n<p>[\/et_pb_text][et_pb_search placeholder=\u00bbBUSCAR\u00bb button_color=\u00bb#81ba26&#8243; placeholder_color=\u00bb#FFFFFF\u00bb _builder_version=\u00bb4.19.5&#8243; _module_preset=\u00bbdefault\u00bb button_text_color=\u00bb#FFFFFF\u00bb background_color=\u00bbRGBA(255,255,255,0)\u00bb border_color_all=\u00bb#81ba26&#8243; global_colors_info=\u00bb{}\u00bb][\/et_pb_search][\/et_pb_column][\/et_pb_row][\/et_pb_section]<\/p>\n","protected":false},"excerpt":{"rendered":"<p>\u00a1Bienvenidos a nuestro restaurante!\u00a1Bienvenidos a nuestro restaurante!Aqu\u00ed en nuestro espacio al aire libre, ofrecemos una experiencia \u00fanica y relajante para disfrutar de deliciosas comidas y bebidas mientras disfruta del ambiente natural.Ofrecemos un delicioso desayuno para comenzar bien el d\u00eda. Las opciones saludables como avena, yogur y frutas frescas de temporada para aquellos que buscan algo [&hellip;]<\/p>\n","protected":false},"author":1,"featured_media":0,"parent":0,"menu_order":0,"comment_status":"closed","ping_status":"closed","template":"","meta":{"_et_pb_use_builder":"on","_et_pb_old_content":"","_et_gb_content_width":"","footnotes":""},"class_list":["post-38","page","type-page","status-publish","hentry"],"yoast_head":"<!-- This site is optimized with the Yoast SEO plugin v27.5 - https:\/\/yoast.com\/product\/yoast-seo-wordpress\/ -->\n<title>RESTAURANTE - kamaylodge.com<\/title>\n<meta name=\"robots\" content=\"index, follow, max-snippet:-1, max-image-preview:large, max-video-preview:-1\" \/>\n<link rel=\"canonical\" href=\"https:\/\/kamaylogde.com\/index.php\/restaurante\/\" \/>\n<meta property=\"og:locale\" content=\"es_ES\" \/>\n<meta property=\"og:type\" content=\"article\" \/>\n<meta property=\"og:title\" content=\"RESTAURANTE - kamaylodge.com\" \/>\n<meta property=\"og:description\" content=\"\u00a1Bienvenidos a nuestro restaurante!\u00a1Bienvenidos a nuestro restaurante!Aqu\u00ed en nuestro espacio al aire libre, ofrecemos una experiencia \u00fanica y relajante para disfrutar de deliciosas comidas y bebidas mientras disfruta del ambiente natural.Ofrecemos un delicioso desayuno para comenzar bien el d\u00eda. Las opciones saludables como avena, yogur y frutas frescas de temporada para aquellos que buscan algo [&hellip;]\" \/>\n<meta property=\"og:url\" content=\"https:\/\/kamaylogde.com\/index.php\/restaurante\/\" \/>\n<meta property=\"og:site_name\" content=\"kamaylodge.com\" \/>\n<meta property=\"article:publisher\" content=\"https:\/\/www.facebook.com\/kamaylodge\" \/>\n<meta property=\"article:modified_time\" content=\"2023-07-07T17:29:27+00:00\" \/>\n<meta name=\"twitter:card\" content=\"summary_large_image\" \/>\n<meta name=\"twitter:label1\" content=\"Tiempo de lectura\" \/>\n\t<meta name=\"twitter:data1\" content=\"8 minutos\" \/>\n<script type=\"application\/ld+json\" class=\"yoast-schema-graph\">{\"@context\":\"https:\\\/\\\/schema.org\",\"@graph\":[{\"@type\":\"WebPage\",\"@id\":\"https:\\\/\\\/kamaylogde.com\\\/index.php\\\/restaurante\\\/\",\"url\":\"https:\\\/\\\/kamaylogde.com\\\/index.php\\\/restaurante\\\/\",\"name\":\"RESTAURANTE - kamaylodge.com\",\"isPartOf\":{\"@id\":\"https:\\\/\\\/kamaylogde.com\\\/#website\"},\"datePublished\":\"2023-02-10T19:50:57+00:00\",\"dateModified\":\"2023-07-07T17:29:27+00:00\",\"breadcrumb\":{\"@id\":\"https:\\\/\\\/kamaylogde.com\\\/index.php\\\/restaurante\\\/#breadcrumb\"},\"inLanguage\":\"es\",\"potentialAction\":[{\"@type\":\"ReadAction\",\"target\":[\"https:\\\/\\\/kamaylogde.com\\\/index.php\\\/restaurante\\\/\"]}]},{\"@type\":\"BreadcrumbList\",\"@id\":\"https:\\\/\\\/kamaylogde.com\\\/index.php\\\/restaurante\\\/#breadcrumb\",\"itemListElement\":[{\"@type\":\"ListItem\",\"position\":1,\"name\":\"Home\",\"item\":\"https:\\\/\\\/kamaylogde.com\\\/\"},{\"@type\":\"ListItem\",\"position\":2,\"name\":\"RESTAURANTE\"}]},{\"@type\":\"WebSite\",\"@id\":\"https:\\\/\\\/kamaylogde.com\\\/#website\",\"url\":\"https:\\\/\\\/kamaylogde.com\\\/\",\"name\":\"kamaylodge.com\",\"description\":\"Un para\u00edso en el Ilal\u00f3\",\"publisher\":{\"@id\":\"https:\\\/\\\/kamaylogde.com\\\/#\\\/schema\\\/person\\\/71d20d51e317ec3864e5fba46f66c670\"},\"potentialAction\":[{\"@type\":\"SearchAction\",\"target\":{\"@type\":\"EntryPoint\",\"urlTemplate\":\"https:\\\/\\\/kamaylogde.com\\\/?s={search_term_string}\"},\"query-input\":{\"@type\":\"PropertyValueSpecification\",\"valueRequired\":true,\"valueName\":\"search_term_string\"}}],\"inLanguage\":\"es\"},{\"@type\":[\"Person\",\"Organization\"],\"@id\":\"https:\\\/\\\/kamaylogde.com\\\/#\\\/schema\\\/person\\\/71d20d51e317ec3864e5fba46f66c670\",\"name\":\"kamaylodge@gmail.com\",\"image\":{\"@type\":\"ImageObject\",\"inLanguage\":\"es\",\"@id\":\"https:\\\/\\\/kamaylogde.com\\\/wp-content\\\/uploads\\\/2023\\\/04\\\/LOGO-KAMAY-LODGE-1.png\",\"url\":\"https:\\\/\\\/kamaylogde.com\\\/wp-content\\\/uploads\\\/2023\\\/04\\\/LOGO-KAMAY-LODGE-1.png\",\"contentUrl\":\"https:\\\/\\\/kamaylogde.com\\\/wp-content\\\/uploads\\\/2023\\\/04\\\/LOGO-KAMAY-LODGE-1.png\",\"width\":1080,\"height\":1080,\"caption\":\"kamaylodge@gmail.com\"},\"logo\":{\"@id\":\"https:\\\/\\\/kamaylogde.com\\\/wp-content\\\/uploads\\\/2023\\\/04\\\/LOGO-KAMAY-LODGE-1.png\"},\"sameAs\":[\"http:\\\/\\\/kamaylodge.com\",\"https:\\\/\\\/www.facebook.com\\\/kamaylodge\",\"https:\\\/\\\/www.instagram.com\\\/kamaylodge\\\/\"]}]}<\/script>\n<!-- \/ Yoast SEO plugin. -->","yoast_head_json":{"title":"RESTAURANTE - kamaylodge.com","robots":{"index":"index","follow":"follow","max-snippet":"max-snippet:-1","max-image-preview":"max-image-preview:large","max-video-preview":"max-video-preview:-1"},"canonical":"https:\/\/kamaylogde.com\/index.php\/restaurante\/","og_locale":"es_ES","og_type":"article","og_title":"RESTAURANTE - kamaylodge.com","og_description":"\u00a1Bienvenidos a nuestro restaurante!\u00a1Bienvenidos a nuestro restaurante!Aqu\u00ed en nuestro espacio al aire libre, ofrecemos una experiencia \u00fanica y relajante para disfrutar de deliciosas comidas y bebidas mientras disfruta del ambiente natural.Ofrecemos un delicioso desayuno para comenzar bien el d\u00eda. Las opciones saludables como avena, yogur y frutas frescas de temporada para aquellos que buscan algo [&hellip;]","og_url":"https:\/\/kamaylogde.com\/index.php\/restaurante\/","og_site_name":"kamaylodge.com","article_publisher":"https:\/\/www.facebook.com\/kamaylodge","article_modified_time":"2023-07-07T17:29:27+00:00","twitter_card":"summary_large_image","twitter_misc":{"Tiempo de lectura":"8 minutos"},"schema":{"@context":"https:\/\/schema.org","@graph":[{"@type":"WebPage","@id":"https:\/\/kamaylogde.com\/index.php\/restaurante\/","url":"https:\/\/kamaylogde.com\/index.php\/restaurante\/","name":"RESTAURANTE - kamaylodge.com","isPartOf":{"@id":"https:\/\/kamaylogde.com\/#website"},"datePublished":"2023-02-10T19:50:57+00:00","dateModified":"2023-07-07T17:29:27+00:00","breadcrumb":{"@id":"https:\/\/kamaylogde.com\/index.php\/restaurante\/#breadcrumb"},"inLanguage":"es","potentialAction":[{"@type":"ReadAction","target":["https:\/\/kamaylogde.com\/index.php\/restaurante\/"]}]},{"@type":"BreadcrumbList","@id":"https:\/\/kamaylogde.com\/index.php\/restaurante\/#breadcrumb","itemListElement":[{"@type":"ListItem","position":1,"name":"Home","item":"https:\/\/kamaylogde.com\/"},{"@type":"ListItem","position":2,"name":"RESTAURANTE"}]},{"@type":"WebSite","@id":"https:\/\/kamaylogde.com\/#website","url":"https:\/\/kamaylogde.com\/","name":"kamaylodge.com","description":"Un para\u00edso en el Ilal\u00f3","publisher":{"@id":"https:\/\/kamaylogde.com\/#\/schema\/person\/71d20d51e317ec3864e5fba46f66c670"},"potentialAction":[{"@type":"SearchAction","target":{"@type":"EntryPoint","urlTemplate":"https:\/\/kamaylogde.com\/?s={search_term_string}"},"query-input":{"@type":"PropertyValueSpecification","valueRequired":true,"valueName":"search_term_string"}}],"inLanguage":"es"},{"@type":["Person","Organization"],"@id":"https:\/\/kamaylogde.com\/#\/schema\/person\/71d20d51e317ec3864e5fba46f66c670","name":"kamaylodge@gmail.com","image":{"@type":"ImageObject","inLanguage":"es","@id":"https:\/\/kamaylogde.com\/wp-content\/uploads\/2023\/04\/LOGO-KAMAY-LODGE-1.png","url":"https:\/\/kamaylogde.com\/wp-content\/uploads\/2023\/04\/LOGO-KAMAY-LODGE-1.png","contentUrl":"https:\/\/kamaylogde.com\/wp-content\/uploads\/2023\/04\/LOGO-KAMAY-LODGE-1.png","width":1080,"height":1080,"caption":"kamaylodge@gmail.com"},"logo":{"@id":"https:\/\/kamaylogde.com\/wp-content\/uploads\/2023\/04\/LOGO-KAMAY-LODGE-1.png"},"sameAs":["http:\/\/kamaylodge.com","https:\/\/www.facebook.com\/kamaylodge","https:\/\/www.instagram.com\/kamaylodge\/"]}]}},"_links":{"self":[{"href":"https:\/\/kamaylogde.com\/index.php\/wp-json\/wp\/v2\/pages\/38","targetHints":{"allow":["GET"]}}],"collection":[{"href":"https:\/\/kamaylogde.com\/index.php\/wp-json\/wp\/v2\/pages"}],"about":[{"href":"https:\/\/kamaylogde.com\/index.php\/wp-json\/wp\/v2\/types\/page"}],"author":[{"embeddable":true,"href":"https:\/\/kamaylogde.com\/index.php\/wp-json\/wp\/v2\/users\/1"}],"replies":[{"embeddable":true,"href":"https:\/\/kamaylogde.com\/index.php\/wp-json\/wp\/v2\/comments?post=38"}],"version-history":[{"count":28,"href":"https:\/\/kamaylogde.com\/index.php\/wp-json\/wp\/v2\/pages\/38\/revisions"}],"predecessor-version":[{"id":600,"href":"https:\/\/kamaylogde.com\/index.php\/wp-json\/wp\/v2\/pages\/38\/revisions\/600"}],"wp:attachment":[{"href":"https:\/\/kamaylogde.com\/index.php\/wp-json\/wp\/v2\/media?parent=38"}],"curies":[{"name":"wp","href":"https:\/\/api.w.org\/{rel}","templated":true}]}}