{"id":41,"date":"2023-02-10T19:50:57","date_gmt":"2023-02-10T19:50:57","guid":{"rendered":"https:\/\/kamaylogde.com\/?page_id=41"},"modified":"2023-07-07T20:57:27","modified_gmt":"2023-07-07T20:57:27","slug":"blog","status":"publish","type":"page","link":"https:\/\/kamaylogde.com\/index.php\/blog\/","title":{"rendered":"BLOG"},"content":{"rendered":"<p>[et_pb_section fb_built=\u00bb1&#8243; bg_img_2=\u00bbhttp:\/\/kamaylogde.com\/wp-content\/uploads\/2023\/02\/resort-02.jpg\u00bb use_background_color_gradient_2=\u00bboff\u00bb background_color_gradient_direction_2=\u00bb105deg\u00bb background_color_gradient_stops_2=\u00bbrgba(255,255,255,0.65) 0%|rgba(255,255,255,0) 76%\u00bb background_color_gradient_start_2=\u00bbrgba(255,255,255,0.65)\u00bb background_color_gradient_end_2=\u00bbrgba(255,255,255,0)\u00bb background_color_gradient_start_position_2=\u00bb0%\u00bb background_color_gradient_end_position_2=\u00bb76%\u00bb background_color_gradient_overlays_image_2=\u00bbon\u00bb admin_label=\u00bbHeader\u00bb _builder_version=\u00bb4.19.5&#8243; use_background_color_gradient=\u00bbon\u00bb background_color_gradient_stops=\u00bbrgba(255,255,255,0) 0%|rgba(0,31,99,0.47) 50%\u00bb background_color_gradient_overlays_image=\u00bbon\u00bb background_color_gradient_start=\u00bbrgba(255,255,255,0)\u00bb background_color_gradient_end=\u00bbrgba(0,31,99,0.47)\u00bb background_color_gradient_end_position=\u00bb50%\u00bb background_image=\u00bbhttp:\/\/kamaylogde.com\/wp-content\/uploads\/2023\/02\/Diseno-sin-titulo-2023-02-10T150457.948.png\u00bb min_height=\u00bb554.9px\u00bb custom_padding=\u00bb8vw|0px|317px|0px|false|false\u00bb locked=\u00bboff\u00bb global_colors_info=\u00bb{}\u00bb][\/et_pb_section][et_pb_section fb_built=\u00bb1&#8243; disabled_on=\u00bboff|off|off\u00bb _builder_version=\u00bb4.21.0&#8243; _module_preset=\u00bbdefault\u00bb custom_margin=\u00bb18px|||||\u00bb global_colors_info=\u00bb{}\u00bb][et_pb_row column_structure=\u00bb1_3,1_3,1_3&#8243; disabled_on=\u00bbon|on|off\u00bb _builder_version=\u00bb4.21.0&#8243; _module_preset=\u00bbdefault\u00bb global_colors_info=\u00bb{}\u00bb][et_pb_column type=\u00bb1_3&#8243; _builder_version=\u00bb4.19.5&#8243; _module_preset=\u00bbdefault\u00bb global_colors_info=\u00bb{}\u00bb][et_pb_text _builder_version=\u00bb4.19.5&#8243; _module_preset=\u00bbdefault\u00bb text_font=\u00bbAdvent Pro||||||||\u00bb text_text_color=\u00bb#81ba26&#8243; text_font_size=\u00bb67px\u00bb global_colors_info=\u00bb{}\u00bb]<\/p>\n<p style=\"text-align: center;\">HISTORIAS<\/p>\n<p>[\/et_pb_text][\/et_pb_column][et_pb_column type=\u00bb1_3&#8243; _builder_version=\u00bb4.19.5&#8243; _module_preset=\u00bbdefault\u00bb global_colors_info=\u00bb{}\u00bb][et_pb_text _builder_version=\u00bb4.21.0&#8243; _module_preset=\u00bbdefault\u00bb text_font=\u00bbAdvent Pro||||||||\u00bb text_text_color=\u00bb#537332&#8243; text_font_size=\u00bb67px\u00bb global_colors_info=\u00bb{}\u00bb]<\/p>\n<p style=\"text-align: center;\">NOTICIAS<\/p>\n<p>[\/et_pb_text][\/et_pb_column][et_pb_column type=\u00bb1_3&#8243; _builder_version=\u00bb4.19.5&#8243; _module_preset=\u00bbdefault\u00bb global_colors_info=\u00bb{}\u00bb][et_pb_text _builder_version=\u00bb4.21.0&#8243; _module_preset=\u00bbdefault\u00bb text_font=\u00bbAdvent Pro||||||||\u00bb text_text_color=\u00bb#81ba26&#8243; text_font_size=\u00bb67px\u00bb global_colors_info=\u00bb{}\u00bb]<\/p>\n<p style=\"text-align: center;\">TIPS<\/p>\n<p>[\/et_pb_text][\/et_pb_column][\/et_pb_row][et_pb_row column_structure=\u00bb1_3,1_3,1_3&#8243; disabled_on=\u00bboff|on|on\u00bb _builder_version=\u00bb4.21.0&#8243; _module_preset=\u00bbdefault\u00bb locked=\u00bboff\u00bb global_colors_info=\u00bb{}\u00bb][et_pb_column type=\u00bb1_3&#8243; _builder_version=\u00bb4.21.0&#8243; _module_preset=\u00bbdefault\u00bb global_colors_info=\u00bb{}\u00bb][et_pb_text _builder_version=\u00bb4.19.5&#8243; _module_preset=\u00bbdefault\u00bb text_font=\u00bbAdvent Pro||||||||\u00bb text_text_color=\u00bb#81ba26&#8243; text_font_size=\u00bb67px\u00bb global_colors_info=\u00bb{}\u00bb]<\/p>\n<p style=\"text-align: center;\"><span style=\"vertical-align: inherit;\"><span style=\"vertical-align: inherit;\">HISTORIAS<\/span><\/span><\/p>\n<p style=\"text-align: center;\"><span style=\"vertical-align: inherit;\"><span style=\"vertical-align: inherit;\"><\/span><\/span><\/p>\n<p>[\/et_pb_text][\/et_pb_column][et_pb_column type=\u00bb1_3&#8243; _builder_version=\u00bb4.19.5&#8243; _module_preset=\u00bbdefault\u00bb global_colors_info=\u00bb{}\u00bb][et_pb_text _builder_version=\u00bb4.19.5&#8243; _module_preset=\u00bbdefault\u00bb text_font=\u00bbAdvent Pro||||||||\u00bb text_text_color=\u00bb#537332&#8243; text_font_size=\u00bb67px\u00bb global_colors_info=\u00bb{}\u00bb]<\/p>\n<p style=\"text-align: center;\"><span style=\"vertical-align: inherit;\"><span style=\"vertical-align: inherit;\">NOTICIAS<\/span><\/span><\/p>\n<p style=\"text-align: center;\"><span style=\"vertical-align: inherit;\"><span style=\"vertical-align: inherit;\"><\/span><\/span><\/p>\n<p>[\/et_pb_text][\/et_pb_column][et_pb_column type=\u00bb1_3&#8243; _builder_version=\u00bb4.19.5&#8243; _module_preset=\u00bbdefault\u00bb global_colors_info=\u00bb{}\u00bb][et_pb_text _builder_version=\u00bb4.19.5&#8243; _module_preset=\u00bbdefault\u00bb text_font=\u00bbAdvent Pro||||||||\u00bb text_text_color=\u00bb#81ba26&#8243; text_font_size=\u00bb67px\u00bb global_colors_info=\u00bb{}\u00bb]<\/p>\n<p style=\"text-align: center;\">TIPS<\/p>\n<p>[\/et_pb_text][\/et_pb_column][\/et_pb_row][\/et_pb_section][et_pb_section fb_built=\u00bb1&#8243; _builder_version=\u00bb4.19.5&#8243; _module_preset=\u00bbdefault\u00bb global_colors_info=\u00bb{}\u00bb][et_pb_row column_structure=\u00bb1_2,1_2&#8243; _builder_version=\u00bb4.19.5&#8243; _module_preset=\u00bbdefault\u00bb global_colors_info=\u00bb{}\u00bb][et_pb_column type=\u00bb1_2&#8243; _builder_version=\u00bb4.19.5&#8243; _module_preset=\u00bbdefault\u00bb global_colors_info=\u00bb{}\u00bb][et_pb_image src=\u00bbhttp:\/\/kamaylogde.com\/wp-content\/uploads\/2023\/03\/FOTOS-PAGINA-KAMAY-PAGINA-WEB-restaurante-16.png\u00bb title_text=\u00bbFOTOS PAGINA KAMAY-PAGINA WEB restaurante (16)\u00bb _builder_version=\u00bb4.19.5&#8243; _module_preset=\u00bbdefault\u00bb global_colors_info=\u00bb{}\u00bb][\/et_pb_image][et_pb_text _builder_version=\u00bb4.19.5&#8243; _module_preset=\u00bbdefault\u00bb text_font=\u00bbAdvent Pro||||||||\u00bb text_font_size=\u00bb17px\u00bb text_letter_spacing=\u00bb1px\u00bb global_colors_info=\u00bb{}\u00bb]<\/p>\n<p><span>La iglesia Cat\u00f3lica Matriz San Pedro de El Tingo es un importante centro religioso y cultural , y a menudo alberga eventos y celebraciones religiosas importantes en la comunidad. Para los visitantes, la iglesia es una parada obligada para explorar la rica historia y cultura de la regi\u00f3n.<\/span><\/p>\n<p>[\/et_pb_text][\/et_pb_column][et_pb_column type=\u00bb1_2&#8243; _builder_version=\u00bb4.19.5&#8243; _module_preset=\u00bbdefault\u00bb global_colors_info=\u00bb{}\u00bb][et_pb_image src=\u00bbhttp:\/\/kamaylogde.com\/wp-content\/uploads\/2023\/03\/FOTOS-PAGINA-KAMAY-PAGINA-WEB-restaurante-10.png\u00bb title_text=\u00bbFOTOS PAGINA KAMAY-PAGINA WEB restaurante (10)\u00bb _builder_version=\u00bb4.19.5&#8243; _module_preset=\u00bbdefault\u00bb global_colors_info=\u00bb{}\u00bb][\/et_pb_image][et_pb_text _builder_version=\u00bb4.19.5&#8243; _module_preset=\u00bbdefault\u00bb text_font=\u00bbAdvent Pro||||||||\u00bb text_font_size=\u00bb17px\u00bb text_letter_spacing=\u00bb1px\u00bb global_colors_info=\u00bb{}\u00bb]<\/p>\n<p><span>En la cima, se pueden disfrutar de impresionantes vistas panor\u00e1micas de la regi\u00f3n circundante. La monta\u00f1a del Ilal\u00f3 es un tesoro natural que debe ser apreciado y protegido.<\/span><\/p>\n<p>[\/et_pb_text][\/et_pb_column][\/et_pb_row][et_pb_row column_structure=\u00bb1_2,1_2&#8243; _builder_version=\u00bb4.19.5&#8243; _module_preset=\u00bbdefault\u00bb global_colors_info=\u00bb{}\u00bb][et_pb_column type=\u00bb1_2&#8243; _builder_version=\u00bb4.19.5&#8243; _module_preset=\u00bbdefault\u00bb global_colors_info=\u00bb{}\u00bb][et_pb_image src=\u00bbhttp:\/\/kamaylogde.com\/wp-content\/uploads\/2023\/03\/FOTOS-PAGINA-KAMAY-PAGINA-WEB-restaurante-14.png\u00bb title_text=\u00bbFOTOS PAGINA KAMAY-PAGINA WEB restaurante (14)\u00bb _builder_version=\u00bb4.19.5&#8243; _module_preset=\u00bbdefault\u00bb global_colors_info=\u00bb{}\u00bb][\/et_pb_image][et_pb_text _builder_version=\u00bb4.19.5&#8243; _module_preset=\u00bbdefault\u00bb text_font=\u00bbAdvent Pro||||||||\u00bb text_font_size=\u00bb17px\u00bb text_letter_spacing=\u00bb1px\u00bb global_colors_info=\u00bb{}\u00bb]<\/p>\n<p><span>El Tingo es un encantador pueblo andino situado en la provincia de Cotopaxi, Ecuador. Conocido por su belleza natural y su rica cultura, Tingo es un destino popular para los turistas que buscan una experiencia aut\u00e9ntica en el campo ecuatoriano.<\/span><\/p>\n<p>[\/et_pb_text][\/et_pb_column][et_pb_column type=\u00bb1_2&#8243; _builder_version=\u00bb4.19.5&#8243; _module_preset=\u00bbdefault\u00bb global_colors_info=\u00bb{}\u00bb][et_pb_image src=\u00bbhttp:\/\/kamaylogde.com\/wp-content\/uploads\/2023\/03\/FOTOS-PAGINA-KAMAY-PAGINA-WEB-restaurante-15.png\u00bb title_text=\u00bbFOTOS PAGINA KAMAY-PAGINA WEB restaurante (15)\u00bb _builder_version=\u00bb4.19.5&#8243; _module_preset=\u00bbdefault\u00bb global_colors_info=\u00bb{}\u00bb][\/et_pb_image][et_pb_text _builder_version=\u00bb4.19.5&#8243; _module_preset=\u00bbdefault\u00bb text_font=\u00bbAdvent Pro||||||||\u00bb text_font_size=\u00bb17px\u00bb text_letter_spacing=\u00bb1px\u00bb global_colors_info=\u00bb{}\u00bb]<\/p>\n<p><span>Tingo tambi\u00e9n es el punto de partida para numerosas caminatas y excursiones por la zona, que ofrecen la oportunidad de explorar el campo ecuatoriano y aprender sobre la cultura y la historia local.<\/span><\/p>\n<p>[\/et_pb_text][\/et_pb_column][\/et_pb_row][\/et_pb_section][et_pb_section fb_built=\u00bb1&#8243; _builder_version=\u00bb4.19.5&#8243; _module_preset=\u00bbdefault\u00bb background_color=\u00bb#000000&#8243; global_colors_info=\u00bb{}\u00bb][et_pb_row column_structure=\u00bb1_3,1_3,1_3&#8243; _builder_version=\u00bb4.19.5&#8243; _module_preset=\u00bbdefault\u00bb global_colors_info=\u00bb{}\u00bb][et_pb_column type=\u00bb1_3&#8243; _builder_version=\u00bb4.19.5&#8243; _module_preset=\u00bbdefault\u00bb global_colors_info=\u00bb{}\u00bb][et_pb_text _builder_version=\u00bb4.19.5&#8243; _module_preset=\u00bbdefault\u00bb text_font=\u00bbAdvent Pro||||||||\u00bb text_text_color=\u00bb#FFFFFF\u00bb text_font_size=\u00bb24px\u00bb global_colors_info=\u00bb{}\u00bb]<\/p>\n<p><span class=\"S1PPyQ\">SOBRE NOSOTROS<\/span><\/p>\n<p>[\/et_pb_text][et_pb_text _builder_version=\u00bb4.19.5&#8243; _module_preset=\u00bbdefault\u00bb text_text_color=\u00bb#FFFFFF\u00bb global_colors_info=\u00bb{}\u00bb]<\/p>\n<p class=\"_04xlpA direction-ltr align-center para-style-body\"><span class=\"S1PPyQ\">Av.Bel\u00e9n y Princesa Toa<\/span><\/p>\n<p class=\"_04xlpA direction-ltr align-center para-style-body\"><span class=\"S1PPyQ\">+593 958924901<\/span><\/p>\n<p class=\"_04xlpA direction-ltr align-center para-style-body\"><span class=\"S1PPyQ\"><span>kamaylodge@gmail.com<\/span><\/span><\/p>\n<p>[\/et_pb_text][\/et_pb_column][et_pb_column type=\u00bb1_3&#8243; _builder_version=\u00bb4.19.5&#8243; _module_preset=\u00bbdefault\u00bb global_colors_info=\u00bb{}\u00bb][et_pb_text _builder_version=\u00bb4.19.5&#8243; _module_preset=\u00bbdefault\u00bb text_font=\u00bbAdvent Pro||||||||\u00bb text_text_color=\u00bb#FFFFFF\u00bb text_font_size=\u00bb24px\u00bb global_colors_info=\u00bb{}\u00bb]<\/p>\n<p>M\u00c1S INFORMACI\u00d3N<\/p>\n<p>[\/et_pb_text][et_pb_text _builder_version=\u00bb4.19.5&#8243; _module_preset=\u00bbdefault\u00bb text_text_color=\u00bb#FFFFFF\u00bb global_colors_info=\u00bb{}\u00bb]<\/p>\n<p>La Empresa<\/p>\n<p>Soporte<\/p>\n<p>Politicas de la empresa<\/p>\n<p>[\/et_pb_text][\/et_pb_column][et_pb_column type=\u00bb1_3&#8243; _builder_version=\u00bb4.19.5&#8243; _module_preset=\u00bbdefault\u00bb global_colors_info=\u00bb{}\u00bb][et_pb_text _builder_version=\u00bb4.19.5&#8243; _module_preset=\u00bbdefault\u00bb text_font=\u00bbAdvent Pro||||||||\u00bb text_text_color=\u00bb#FFFFFF\u00bb text_font_size=\u00bb24px\u00bb global_colors_info=\u00bb{}\u00bb]<\/p>\n<p>SIGUENOS EN REDES SOCIALES<\/p>\n<p>[\/et_pb_text][et_pb_social_media_follow _builder_version=\u00bb4.21.0&#8243; _module_preset=\u00bbdefault\u00bb global_colors_info=\u00bb{}\u00bb][et_pb_social_media_follow_network social_network=\u00bbfacebook\u00bb url=\u00bbhttps:\/\/www.facebook.com\/kamaylodge\u00bb _builder_version=\u00bb4.21.0&#8243; _module_preset=\u00bbdefault\u00bb background_color=\u00bb#81ba26&#8243; background_enable_color=\u00bbon\u00bb global_colors_info=\u00bb{}\u00bb follow_button=\u00bboff\u00bb url_new_window=\u00bbon\u00bb]facebook[\/et_pb_social_media_follow_network][et_pb_social_media_follow_network social_network=\u00bbinstagram\u00bb url=\u00bbhttps:\/\/www.instagram.com\/kamaylodge\/\u00bb _builder_version=\u00bb4.21.0&#8243; _module_preset=\u00bbdefault\u00bb background_color=\u00bb#537332&#8243; background_enable_color=\u00bbon\u00bb global_colors_info=\u00bb{}\u00bb follow_button=\u00bboff\u00bb url_new_window=\u00bbon\u00bb]instagram[\/et_pb_social_media_follow_network][et_pb_social_media_follow_network social_network=\u00bbwhatsapp\u00bb url=\u00bbhttps:\/\/bit.ly\/44nmNdT\u00bb _builder_version=\u00bb4.21.0&#8243; _module_preset=\u00bbdefault\u00bb background_color=\u00bb#81ba26&#8243; background_enable_color=\u00bbon\u00bb global_colors_info=\u00bb{}\u00bb follow_button=\u00bboff\u00bb url_new_window=\u00bbon\u00bb]whatsapp[\/et_pb_social_media_follow_network][et_pb_social_media_follow_network social_network=\u00bbtiktok\u00bb url=\u00bbhttps:\/\/www.tiktok.com\/@kamay_lodge\u00bb _builder_version=\u00bb4.21.0&#8243; _module_preset=\u00bbdefault\u00bb background_color=\u00bb#537332&#8243; background_enable_color=\u00bbon\u00bb global_colors_info=\u00bb{}\u00bb follow_button=\u00bboff\u00bb url_new_window=\u00bbon\u00bb]tiktok[\/et_pb_social_media_follow_network][\/et_pb_social_media_follow][et_pb_text _builder_version=\u00bb4.19.5&#8243; _module_preset=\u00bbdefault\u00bb text_font=\u00bbAdvent Pro||||||||\u00bb text_text_color=\u00bb#FFFFFF\u00bb text_font_size=\u00bb24px\u00bb global_colors_info=\u00bb{}\u00bb]<\/p>\n<p><span style=\"vertical-align: inherit;\">ENCONTRASTE LO QUE NECESITAS?<\/span><\/p>\n<p>[\/et_pb_text][et_pb_search placeholder=\u00bbBUSCAR\u00bb button_color=\u00bb#81ba26&#8243; placeholder_color=\u00bb#FFFFFF\u00bb _builder_version=\u00bb4.19.5&#8243; _module_preset=\u00bbdefault\u00bb button_text_color=\u00bb#FFFFFF\u00bb border_color_all=\u00bb#81ba26&#8243; global_colors_info=\u00bb{}\u00bb][\/et_pb_search][\/et_pb_column][\/et_pb_row][\/et_pb_section]<\/p>\n","protected":false},"excerpt":{"rendered":"<p>HISTORIASNOTICIASTIPSHISTORIAS NOTICIAS TIPSLa iglesia Cat\u00f3lica Matriz San Pedro de El Tingo es un importante centro religioso y cultural , y a menudo alberga eventos y celebraciones religiosas importantes en la comunidad. Para los visitantes, la iglesia es una parada obligada para explorar la rica historia y cultura de la regi\u00f3n.En la cima, se pueden disfrutar [&hellip;]<\/p>\n","protected":false},"author":1,"featured_media":0,"parent":0,"menu_order":0,"comment_status":"closed","ping_status":"closed","template":"","meta":{"_et_pb_use_builder":"on","_et_pb_old_content":"","_et_gb_content_width":"","footnotes":""},"class_list":["post-41","page","type-page","status-publish","hentry"],"yoast_head":"<!-- This site is optimized with the Yoast SEO plugin v27.4 - https:\/\/yoast.com\/product\/yoast-seo-wordpress\/ -->\n<title>BLOG - kamaylodge.com<\/title>\n<meta name=\"robots\" content=\"index, follow, max-snippet:-1, max-image-preview:large, max-video-preview:-1\" \/>\n<link rel=\"canonical\" href=\"https:\/\/kamaylogde.com\/index.php\/blog\/\" \/>\n<meta property=\"og:locale\" content=\"es_ES\" \/>\n<meta property=\"og:type\" content=\"article\" \/>\n<meta property=\"og:title\" content=\"BLOG - kamaylodge.com\" \/>\n<meta property=\"og:description\" content=\"HISTORIASNOTICIASTIPSHISTORIAS NOTICIAS TIPSLa iglesia Cat\u00f3lica Matriz San Pedro de El Tingo es un importante centro religioso y cultural , y a menudo alberga eventos y celebraciones religiosas importantes en la comunidad. Para los visitantes, la iglesia es una parada obligada para explorar la rica historia y cultura de la regi\u00f3n.En la cima, se pueden disfrutar [&hellip;]\" \/>\n<meta property=\"og:url\" content=\"https:\/\/kamaylogde.com\/index.php\/blog\/\" \/>\n<meta property=\"og:site_name\" content=\"kamaylodge.com\" \/>\n<meta property=\"article:publisher\" content=\"https:\/\/www.facebook.com\/kamaylodge\" \/>\n<meta property=\"article:modified_time\" content=\"2023-07-07T20:57:27+00:00\" \/>\n<meta name=\"twitter:card\" content=\"summary_large_image\" \/>\n<meta name=\"twitter:label1\" content=\"Tiempo de lectura\" \/>\n\t<meta name=\"twitter:data1\" content=\"7 minutos\" \/>\n<script type=\"application\/ld+json\" class=\"yoast-schema-graph\">{\"@context\":\"https:\\\/\\\/schema.org\",\"@graph\":[{\"@type\":\"WebPage\",\"@id\":\"https:\\\/\\\/kamaylogde.com\\\/index.php\\\/blog\\\/\",\"url\":\"https:\\\/\\\/kamaylogde.com\\\/index.php\\\/blog\\\/\",\"name\":\"BLOG - kamaylodge.com\",\"isPartOf\":{\"@id\":\"https:\\\/\\\/kamaylogde.com\\\/#website\"},\"datePublished\":\"2023-02-10T19:50:57+00:00\",\"dateModified\":\"2023-07-07T20:57:27+00:00\",\"breadcrumb\":{\"@id\":\"https:\\\/\\\/kamaylogde.com\\\/index.php\\\/blog\\\/#breadcrumb\"},\"inLanguage\":\"es\",\"potentialAction\":[{\"@type\":\"ReadAction\",\"target\":[\"https:\\\/\\\/kamaylogde.com\\\/index.php\\\/blog\\\/\"]}]},{\"@type\":\"BreadcrumbList\",\"@id\":\"https:\\\/\\\/kamaylogde.com\\\/index.php\\\/blog\\\/#breadcrumb\",\"itemListElement\":[{\"@type\":\"ListItem\",\"position\":1,\"name\":\"Home\",\"item\":\"https:\\\/\\\/kamaylogde.com\\\/\"},{\"@type\":\"ListItem\",\"position\":2,\"name\":\"BLOG\"}]},{\"@type\":\"WebSite\",\"@id\":\"https:\\\/\\\/kamaylogde.com\\\/#website\",\"url\":\"https:\\\/\\\/kamaylogde.com\\\/\",\"name\":\"kamaylodge.com\",\"description\":\"Un para\u00edso en el Ilal\u00f3\",\"publisher\":{\"@id\":\"https:\\\/\\\/kamaylogde.com\\\/#\\\/schema\\\/person\\\/71d20d51e317ec3864e5fba46f66c670\"},\"potentialAction\":[{\"@type\":\"SearchAction\",\"target\":{\"@type\":\"EntryPoint\",\"urlTemplate\":\"https:\\\/\\\/kamaylogde.com\\\/?s={search_term_string}\"},\"query-input\":{\"@type\":\"PropertyValueSpecification\",\"valueRequired\":true,\"valueName\":\"search_term_string\"}}],\"inLanguage\":\"es\"},{\"@type\":[\"Person\",\"Organization\"],\"@id\":\"https:\\\/\\\/kamaylogde.com\\\/#\\\/schema\\\/person\\\/71d20d51e317ec3864e5fba46f66c670\",\"name\":\"kamaylodge@gmail.com\",\"image\":{\"@type\":\"ImageObject\",\"inLanguage\":\"es\",\"@id\":\"https:\\\/\\\/kamaylogde.com\\\/wp-content\\\/uploads\\\/2023\\\/04\\\/LOGO-KAMAY-LODGE-1.png\",\"url\":\"https:\\\/\\\/kamaylogde.com\\\/wp-content\\\/uploads\\\/2023\\\/04\\\/LOGO-KAMAY-LODGE-1.png\",\"contentUrl\":\"https:\\\/\\\/kamaylogde.com\\\/wp-content\\\/uploads\\\/2023\\\/04\\\/LOGO-KAMAY-LODGE-1.png\",\"width\":1080,\"height\":1080,\"caption\":\"kamaylodge@gmail.com\"},\"logo\":{\"@id\":\"https:\\\/\\\/kamaylogde.com\\\/wp-content\\\/uploads\\\/2023\\\/04\\\/LOGO-KAMAY-LODGE-1.png\"},\"sameAs\":[\"http:\\\/\\\/kamaylodge.com\",\"https:\\\/\\\/www.facebook.com\\\/kamaylodge\",\"https:\\\/\\\/www.instagram.com\\\/kamaylodge\\\/\"]}]}<\/script>\n<!-- \/ Yoast SEO plugin. -->","yoast_head_json":{"title":"BLOG - kamaylodge.com","robots":{"index":"index","follow":"follow","max-snippet":"max-snippet:-1","max-image-preview":"max-image-preview:large","max-video-preview":"max-video-preview:-1"},"canonical":"https:\/\/kamaylogde.com\/index.php\/blog\/","og_locale":"es_ES","og_type":"article","og_title":"BLOG - kamaylodge.com","og_description":"HISTORIASNOTICIASTIPSHISTORIAS NOTICIAS TIPSLa iglesia Cat\u00f3lica Matriz San Pedro de El Tingo es un importante centro religioso y cultural , y a menudo alberga eventos y celebraciones religiosas importantes en la comunidad. Para los visitantes, la iglesia es una parada obligada para explorar la rica historia y cultura de la regi\u00f3n.En la cima, se pueden disfrutar [&hellip;]","og_url":"https:\/\/kamaylogde.com\/index.php\/blog\/","og_site_name":"kamaylodge.com","article_publisher":"https:\/\/www.facebook.com\/kamaylodge","article_modified_time":"2023-07-07T20:57:27+00:00","twitter_card":"summary_large_image","twitter_misc":{"Tiempo de lectura":"7 minutos"},"schema":{"@context":"https:\/\/schema.org","@graph":[{"@type":"WebPage","@id":"https:\/\/kamaylogde.com\/index.php\/blog\/","url":"https:\/\/kamaylogde.com\/index.php\/blog\/","name":"BLOG - kamaylodge.com","isPartOf":{"@id":"https:\/\/kamaylogde.com\/#website"},"datePublished":"2023-02-10T19:50:57+00:00","dateModified":"2023-07-07T20:57:27+00:00","breadcrumb":{"@id":"https:\/\/kamaylogde.com\/index.php\/blog\/#breadcrumb"},"inLanguage":"es","potentialAction":[{"@type":"ReadAction","target":["https:\/\/kamaylogde.com\/index.php\/blog\/"]}]},{"@type":"BreadcrumbList","@id":"https:\/\/kamaylogde.com\/index.php\/blog\/#breadcrumb","itemListElement":[{"@type":"ListItem","position":1,"name":"Home","item":"https:\/\/kamaylogde.com\/"},{"@type":"ListItem","position":2,"name":"BLOG"}]},{"@type":"WebSite","@id":"https:\/\/kamaylogde.com\/#website","url":"https:\/\/kamaylogde.com\/","name":"kamaylodge.com","description":"Un para\u00edso en el Ilal\u00f3","publisher":{"@id":"https:\/\/kamaylogde.com\/#\/schema\/person\/71d20d51e317ec3864e5fba46f66c670"},"potentialAction":[{"@type":"SearchAction","target":{"@type":"EntryPoint","urlTemplate":"https:\/\/kamaylogde.com\/?s={search_term_string}"},"query-input":{"@type":"PropertyValueSpecification","valueRequired":true,"valueName":"search_term_string"}}],"inLanguage":"es"},{"@type":["Person","Organization"],"@id":"https:\/\/kamaylogde.com\/#\/schema\/person\/71d20d51e317ec3864e5fba46f66c670","name":"kamaylodge@gmail.com","image":{"@type":"ImageObject","inLanguage":"es","@id":"https:\/\/kamaylogde.com\/wp-content\/uploads\/2023\/04\/LOGO-KAMAY-LODGE-1.png","url":"https:\/\/kamaylogde.com\/wp-content\/uploads\/2023\/04\/LOGO-KAMAY-LODGE-1.png","contentUrl":"https:\/\/kamaylogde.com\/wp-content\/uploads\/2023\/04\/LOGO-KAMAY-LODGE-1.png","width":1080,"height":1080,"caption":"kamaylodge@gmail.com"},"logo":{"@id":"https:\/\/kamaylogde.com\/wp-content\/uploads\/2023\/04\/LOGO-KAMAY-LODGE-1.png"},"sameAs":["http:\/\/kamaylodge.com","https:\/\/www.facebook.com\/kamaylodge","https:\/\/www.instagram.com\/kamaylodge\/"]}]}},"_links":{"self":[{"href":"https:\/\/kamaylogde.com\/index.php\/wp-json\/wp\/v2\/pages\/41","targetHints":{"allow":["GET"]}}],"collection":[{"href":"https:\/\/kamaylogde.com\/index.php\/wp-json\/wp\/v2\/pages"}],"about":[{"href":"https:\/\/kamaylogde.com\/index.php\/wp-json\/wp\/v2\/types\/page"}],"author":[{"embeddable":true,"href":"https:\/\/kamaylogde.com\/index.php\/wp-json\/wp\/v2\/users\/1"}],"replies":[{"embeddable":true,"href":"https:\/\/kamaylogde.com\/index.php\/wp-json\/wp\/v2\/comments?post=41"}],"version-history":[{"count":14,"href":"https:\/\/kamaylogde.com\/index.php\/wp-json\/wp\/v2\/pages\/41\/revisions"}],"predecessor-version":[{"id":616,"href":"https:\/\/kamaylogde.com\/index.php\/wp-json\/wp\/v2\/pages\/41\/revisions\/616"}],"wp:attachment":[{"href":"https:\/\/kamaylogde.com\/index.php\/wp-json\/wp\/v2\/media?parent=41"}],"curies":[{"name":"wp","href":"https:\/\/api.w.org\/{rel}","templated":true}]}}